{"id":2137,"date":"2023-08-22T11:45:19","date_gmt":"2023-08-22T14:45:19","guid":{"rendered":"https:\/\/colegiojesusmariajose.org.br\/smo\/?page_id=2137"},"modified":"2025-08-07T15:04:15","modified_gmt":"2025-08-07T18:04:15","slug":"anos-iniciais","status":"publish","type":"page","link":"https:\/\/colegiojesusmariajose.org.br\/smo\/anos-iniciais\/","title":{"rendered":"ANOS INICIAIS"},"content":{"rendered":"<style>\/*! elementor - v3.18.0 - 08-12-2023 *\/\n.elementor-heading-title{padding:0;margin:0;line-height:1}.elementor-widget-heading .elementor-heading-title[class*=elementor-size-]>a{color:inherit;font-size:inherit;line-height:inherit}.elementor-widget-heading .elementor-heading-title.elementor-size-small{font-size:15px}.elementor-widget-heading .elementor-heading-title.elementor-size-medium{font-size:19px}.elementor-widget-heading .elementor-heading-title.elementor-size-large{font-size:29px}.elementor-widget-heading .elementor-heading-title.elementor-size-xl{font-size:39px}.elementor-widget-heading .elementor-heading-title.elementor-size-xxl{font-size:59px}<\/style>\n<h2>ENSINO FUNDAMENTAL<\/h2>\n<style>\/*! elementor - v3.18.0 - 08-12-2023 *\/\n.elementor-column .elementor-spacer-inner{height:var(--spacer-size)}.e-con{--container-widget-width:100%}.e-con-inner>.elementor-widget-spacer,.e-con>.elementor-widget-spacer{width:var(--container-widget-width,var(--spacer-size));--align-self:var(--container-widget-align-self,initial);--flex-shrink:0}.e-con-inner>.elementor-widget-spacer>.elementor-widget-container,.e-con>.elementor-widget-spacer>.elementor-widget-container{height:100%;width:100%}.e-con-inner>.elementor-widget-spacer>.elementor-widget-container>.elementor-spacer,.e-con>.elementor-widget-spacer>.elementor-widget-container>.elementor-spacer{height:100%}.e-con-inner>.elementor-widget-spacer>.elementor-widget-container>.elementor-spacer>.elementor-spacer-inner,.e-con>.elementor-widget-spacer>.elementor-widget-container>.elementor-spacer>.elementor-spacer-inner{height:var(--container-widget-height,var(--spacer-size))}.e-con-inner>.elementor-widget-spacer.elementor-widget-empty,.e-con>.elementor-widget-spacer.elementor-widget-empty{position:relative;min-height:22px;min-width:22px}.e-con-inner>.elementor-widget-spacer.elementor-widget-empty .elementor-widget-empty-icon,.e-con>.elementor-widget-spacer.elementor-widget-empty .elementor-widget-empty-icon{position:absolute;top:0;bottom:0;left:0;right:0;margin:auto;padding:0;width:22px;height:22px}<\/style>\n<style>\/*! elementor - v3.18.0 - 08-12-2023 *\/\n.elementor-widget-image{text-align:center}.elementor-widget-image a{display:inline-block}.elementor-widget-image a img[src$=\".svg\"]{width:48px}.elementor-widget-image img{vertical-align:middle;display:inline-block}<\/style>\n<p>\t\t\t\t\t\t\t\t\t\t\t\t<img decoding=\"async\" src=\"https:\/\/colegiojesusmariajose.org.br\/smo\/wp-content\/uploads\/elementor\/thumbs\/MG_6817-scaled-r9x2qamfj0yp3c8m3xe0rfxydk8mz6z3mhugm1sed4.jpg\" title=\"_MG_6817\" alt=\"_MG_6817\" loading=\"lazy\" \/>\t\t\t\t\t\t\t\t\t\t\t\t\t\t\t<\/p>\n<h2>ANOS INICIAIS<\/h2>\n<p>O Ensino Fundamental Anos Iniciais (1\u00ba ao 5\u00ba ano) \u00e9 uma etapa fundamental para o desenvolvimento intelectual das crian\u00e7as. Nessa fase, os alunos participam de atividades l\u00fadicas, projetos e viv\u00eancias que exercitam as dimens\u00f5es motoras, cognitivas e sociais, al\u00e9m disso, \u00e9 nesse per\u00edodo que o processo de alfabetiza\u00e7\u00e3o \u00e9 iniciado.\u00a0<\/p>\n<p>A proposta pedag\u00f3gica deste n\u00edvel considera a import\u00e2ncia da contextualiza\u00e7\u00e3o e da rela\u00e7\u00e3o entre teoria e pr\u00e1tica. Desse modo, prioriza a integra\u00e7\u00e3o entre as \u00e1reas, relacionando os diversos saberes que comp\u00f5em o conhecimento escolar. Outro aspecto importante \u00e9 a educa\u00e7\u00e3o para o pluralismo como princ\u00edpio ativo de enriquecimento cultural e c\u00edvico.<\/p>\n","protected":false},"excerpt":{"rendered":"<p>ENSINO FUNDAMENTAL ANOS INICIAIS O Ensino Fundamental Anos Iniciais (1\u00ba ao 5\u00ba ano) \u00e9 uma etapa fundamental para o desenvolvimento intelectual das crian\u00e7as. Nessa fase, os alunos participam de atividades l\u00fadicas, projetos e viv\u00eancias que exercitam as dimens\u00f5es motoras, cognitivas e sociais, al\u00e9m disso, \u00e9 nesse per\u00edodo que o processo de alfabetiza\u00e7\u00e3o \u00e9 iniciado.\u00a0 A [&hellip;]<\/p>\n","protected":false},"author":1,"featured_media":0,"parent":0,"menu_order":0,"comment_status":"closed","ping_status":"closed","template":"elementor_header_footer","meta":{"footnotes":""},"folder":[],"class_list":["post-2137","page","type-page","status-publish","hentry"],"_links":{"self":[{"href":"https:\/\/colegiojesusmariajose.org.br\/smo\/wp-json\/wp\/v2\/pages\/2137","targetHints":{"allow":["GET"]}}],"collection":[{"href":"https:\/\/colegiojesusmariajose.org.br\/smo\/wp-json\/wp\/v2\/pages"}],"about":[{"href":"https:\/\/colegiojesusmariajose.org.br\/smo\/wp-json\/wp\/v2\/types\/page"}],"author":[{"embeddable":true,"href":"https:\/\/colegiojesusmariajose.org.br\/smo\/wp-json\/wp\/v2\/users\/1"}],"replies":[{"embeddable":true,"href":"https:\/\/colegiojesusmariajose.org.br\/smo\/wp-json\/wp\/v2\/comments?post=2137"}],"version-history":[{"count":50,"href":"https:\/\/colegiojesusmariajose.org.br\/smo\/wp-json\/wp\/v2\/pages\/2137\/revisions"}],"predecessor-version":[{"id":4106,"href":"https:\/\/colegiojesusmariajose.org.br\/smo\/wp-json\/wp\/v2\/pages\/2137\/revisions\/4106"}],"wp:attachment":[{"href":"https:\/\/colegiojesusmariajose.org.br\/smo\/wp-json\/wp\/v2\/media?parent=2137"}],"wp:term":[{"taxonomy":"folder","embeddable":true,"href":"https:\/\/colegiojesusmariajose.org.br\/smo\/wp-json\/wp\/v2\/folder?post=2137"}],"curies":[{"name":"wp","href":"https:\/\/api.w.org\/{rel}","templated":true}]}}