{"id":870,"date":"2023-08-01T09:06:50","date_gmt":"2023-08-01T12:06:50","guid":{"rendered":"https:\/\/colegiojesusmariajose.org.br\/pm\/?page_id=870"},"modified":"2024-05-29T11:54:45","modified_gmt":"2024-05-29T14:54:45","slug":"o-colegio","status":"publish","type":"page","link":"https:\/\/colegiojesusmariajose.org.br\/pm\/o-colegio\/","title":{"rendered":"COL\u00c9GIO"},"content":{"rendered":"\t\t<div data-elementor-type=\"wp-page\" data-elementor-id=\"870\" class=\"elementor elementor-870\">\n\t\t\t\t\t\t\t<div class=\"elementor-element elementor-element-0025260 animated-slow e-flex e-con-boxed elementor-invisible e-con e-parent\" data-id=\"0025260\" data-element_type=\"container\" data-settings=\"{&quot;background_background&quot;:&quot;classic&quot;,&quot;animation&quot;:&quot;fadeIn&quot;,&quot;content_width&quot;:&quot;boxed&quot;}\" data-core-v316-plus=\"true\">\n\t\t\t\t\t<div class=\"e-con-inner\">\n\t\t\t\t<div class=\"elementor-element elementor-element-f4be2b7 elementor-widget elementor-widget-spacer\" data-id=\"f4be2b7\" data-element_type=\"widget\" data-widget_type=\"spacer.default\">\n\t\t\t\t<div class=\"elementor-widget-container\">\n\t\t\t<style>\/*! elementor - v3.18.0 - 08-12-2023 *\/\n.elementor-column .elementor-spacer-inner{height:var(--spacer-size)}.e-con{--container-widget-width:100%}.e-con-inner>.elementor-widget-spacer,.e-con>.elementor-widget-spacer{width:var(--container-widget-width,var(--spacer-size));--align-self:var(--container-widget-align-self,initial);--flex-shrink:0}.e-con-inner>.elementor-widget-spacer>.elementor-widget-container,.e-con>.elementor-widget-spacer>.elementor-widget-container{height:100%;width:100%}.e-con-inner>.elementor-widget-spacer>.elementor-widget-container>.elementor-spacer,.e-con>.elementor-widget-spacer>.elementor-widget-container>.elementor-spacer{height:100%}.e-con-inner>.elementor-widget-spacer>.elementor-widget-container>.elementor-spacer>.elementor-spacer-inner,.e-con>.elementor-widget-spacer>.elementor-widget-container>.elementor-spacer>.elementor-spacer-inner{height:var(--container-widget-height,var(--spacer-size))}.e-con-inner>.elementor-widget-spacer.elementor-widget-empty,.e-con>.elementor-widget-spacer.elementor-widget-empty{position:relative;min-height:22px;min-width:22px}.e-con-inner>.elementor-widget-spacer.elementor-widget-empty .elementor-widget-empty-icon,.e-con>.elementor-widget-spacer.elementor-widget-empty .elementor-widget-empty-icon{position:absolute;top:0;bottom:0;left:0;right:0;margin:auto;padding:0;width:22px;height:22px}<\/style>\t\t<div class=\"elementor-spacer\">\n\t\t\t<div class=\"elementor-spacer-inner\"><\/div>\n\t\t<\/div>\n\t\t\t\t<\/div>\n\t\t\t\t<\/div>\n\t\t\t\t<div class=\"elementor-element elementor-element-a5993f1 elementor-widget elementor-widget-heading\" data-id=\"a5993f1\" data-element_type=\"widget\" data-widget_type=\"heading.default\">\n\t\t\t\t<div class=\"elementor-widget-container\">\n\t\t\t<style>\/*! elementor - v3.18.0 - 08-12-2023 *\/\n.elementor-heading-title{padding:0;margin:0;line-height:1}.elementor-widget-heading .elementor-heading-title[class*=elementor-size-]>a{color:inherit;font-size:inherit;line-height:inherit}.elementor-widget-heading .elementor-heading-title.elementor-size-small{font-size:15px}.elementor-widget-heading .elementor-heading-title.elementor-size-medium{font-size:19px}.elementor-widget-heading .elementor-heading-title.elementor-size-large{font-size:29px}.elementor-widget-heading .elementor-heading-title.elementor-size-xl{font-size:39px}.elementor-widget-heading .elementor-heading-title.elementor-size-xxl{font-size:59px}<\/style><h2 class=\"elementor-heading-title elementor-size-default\">COL\u00c9GIO JESUS MARIA JOS\u00c9<\/h2>\t\t<\/div>\n\t\t\t\t<\/div>\n\t\t\t\t<div class=\"elementor-element elementor-element-4e5afcf elementor-widget elementor-widget-spacer\" data-id=\"4e5afcf\" data-element_type=\"widget\" data-widget_type=\"spacer.default\">\n\t\t\t\t<div class=\"elementor-widget-container\">\n\t\t\t\t\t<div class=\"elementor-spacer\">\n\t\t\t<div class=\"elementor-spacer-inner\"><\/div>\n\t\t<\/div>\n\t\t\t\t<\/div>\n\t\t\t\t<\/div>\n\t\t\t\t\t<\/div>\n\t\t\t\t<\/div>\n\t\t<div class=\"elementor-element elementor-element-fe0c9dc e-flex e-con-boxed e-con e-parent\" data-id=\"fe0c9dc\" data-element_type=\"container\" data-settings=\"{&quot;content_width&quot;:&quot;boxed&quot;}\" data-core-v316-plus=\"true\">\n\t\t\t\t\t<div class=\"e-con-inner\">\n\t\t\t\t<div class=\"elementor-element elementor-element-6033e48 elementor-widget elementor-widget-spacer\" data-id=\"6033e48\" data-element_type=\"widget\" data-widget_type=\"spacer.default\">\n\t\t\t\t<div class=\"elementor-widget-container\">\n\t\t\t\t\t<div class=\"elementor-spacer\">\n\t\t\t<div class=\"elementor-spacer-inner\"><\/div>\n\t\t<\/div>\n\t\t\t\t<\/div>\n\t\t\t\t<\/div>\n\t\t\t\t\t<\/div>\n\t\t\t\t<\/div>\n\t\t<div class=\"elementor-element elementor-element-74d6054 animated-slow e-flex e-con-boxed elementor-invisible e-con e-parent\" data-id=\"74d6054\" data-element_type=\"container\" data-settings=\"{&quot;animation&quot;:&quot;fadeInUp&quot;,&quot;content_width&quot;:&quot;boxed&quot;}\" data-core-v316-plus=\"true\">\n\t\t\t\t\t<div class=\"e-con-inner\">\n\t\t<div class=\"elementor-element elementor-element-2b447a8 e-con-full e-flex e-con e-child\" data-id=\"2b447a8\" data-element_type=\"container\" data-settings=\"{&quot;content_width&quot;:&quot;full&quot;}\">\n\t\t\t\t<div class=\"elementor-element elementor-element-07744b1 elementor-widget elementor-widget-image\" data-id=\"07744b1\" data-element_type=\"widget\" data-widget_type=\"image.default\">\n\t\t\t\t<div class=\"elementor-widget-container\">\n\t\t\t<style>\/*! elementor - v3.18.0 - 08-12-2023 *\/\n.elementor-widget-image{text-align:center}.elementor-widget-image a{display:inline-block}.elementor-widget-image a img[src$=\".svg\"]{width:48px}.elementor-widget-image img{vertical-align:middle;display:inline-block}<\/style>\t\t\t\t\t\t\t\t\t\t\t\t<img decoding=\"async\" src=\"https:\/\/colegiojesusmariajose.org.br\/pm\/wp-content\/uploads\/elementor\/thumbs\/QUEM-SOMOS-qovnnokjymk70c8d03zhcyymgfpy3a07t9attlk5a0.jpg\" title=\"QUEM SOMOS\" alt=\"QUEM SOMOS\" loading=\"lazy\" \/>\t\t\t\t\t\t\t\t\t\t\t\t\t\t\t<\/div>\n\t\t\t\t<\/div>\n\t\t\t\t<\/div>\n\t\t<div class=\"elementor-element elementor-element-26d9c80 e-con-full e-flex e-con e-child\" data-id=\"26d9c80\" data-element_type=\"container\" data-settings=\"{&quot;content_width&quot;:&quot;full&quot;}\">\n\t\t\t\t<div class=\"elementor-element elementor-element-4061c6a elementor-widget elementor-widget-heading\" data-id=\"4061c6a\" data-element_type=\"widget\" data-widget_type=\"heading.default\">\n\t\t\t\t<div class=\"elementor-widget-container\">\n\t\t\t<h2 class=\"elementor-heading-title elementor-size-default\">Quem somos<\/h2>\t\t<\/div>\n\t\t\t\t<\/div>\n\t\t\t\t<div class=\"elementor-element elementor-element-3fa2275 elementor-widget elementor-widget-text-editor\" data-id=\"3fa2275\" data-element_type=\"widget\" data-widget_type=\"text-editor.default\">\n\t\t\t\t<div class=\"elementor-widget-container\">\n\t\t\t<style>\/*! elementor - v3.18.0 - 08-12-2023 *\/\n.elementor-widget-text-editor.elementor-drop-cap-view-stacked .elementor-drop-cap{background-color:#69727d;color:#fff}.elementor-widget-text-editor.elementor-drop-cap-view-framed .elementor-drop-cap{color:#69727d;border:3px solid;background-color:transparent}.elementor-widget-text-editor:not(.elementor-drop-cap-view-default) .elementor-drop-cap{margin-top:8px}.elementor-widget-text-editor:not(.elementor-drop-cap-view-default) .elementor-drop-cap-letter{width:1em;height:1em}.elementor-widget-text-editor .elementor-drop-cap{float:left;text-align:center;line-height:1;font-size:50px}.elementor-widget-text-editor .elementor-drop-cap-letter{display:inline-block}<\/style>\t\t\t\t<p><span style=\"font-weight: 400;\">Em Palmeira das Miss\u00f5es (RS), com mais de 60 anos de hist\u00f3ria, o Col\u00e9gio Jesus Maria Jos\u00e9 \u00e9 uma institui\u00e7\u00e3o que preza por educa\u00e7\u00e3o de qualidade e pautada nos valores crist\u00e3os. Acreditamos que a fam\u00edlia \u00e9 uma importante parceira na educa\u00e7\u00e3o e na realiza\u00e7\u00e3o das atividades educativas.\u00a0<\/span><\/p><p><span style=\"font-weight: 400;\">Aqui, n\u00f3s promovemos uma forma\u00e7\u00e3o de sujeitos competentes, conscientes e comprometidos, capazes de construir, de maneira sistem\u00e1tica e cr\u00edtica, o conhecimento que os conduzir\u00e1 \u00e0 valoriza\u00e7\u00e3o da vida, alicer\u00e7ados nos ideais da Beata Madre Rita Amada de Jesus e no exemplo dos nossos patronos Jesus, Maria e Jos\u00e9.<\/span><\/p>\t\t\t\t\t\t<\/div>\n\t\t\t\t<\/div>\n\t\t\t\t<\/div>\n\t\t\t\t\t<\/div>\n\t\t\t\t<\/div>\n\t\t<div class=\"elementor-element elementor-element-2357412 e-flex e-con-boxed e-con e-parent\" data-id=\"2357412\" data-element_type=\"container\" data-settings=\"{&quot;content_width&quot;:&quot;boxed&quot;}\" data-core-v316-plus=\"true\">\n\t\t\t\t\t<div class=\"e-con-inner\">\n\t\t\t\t<div class=\"elementor-element elementor-element-3f72ba3 elementor-widget elementor-widget-spacer\" data-id=\"3f72ba3\" data-element_type=\"widget\" data-widget_type=\"spacer.default\">\n\t\t\t\t<div class=\"elementor-widget-container\">\n\t\t\t\t\t<div class=\"elementor-spacer\">\n\t\t\t<div class=\"elementor-spacer-inner\"><\/div>\n\t\t<\/div>\n\t\t\t\t<\/div>\n\t\t\t\t<\/div>\n\t\t\t\t\t<\/div>\n\t\t\t\t<\/div>\n\t\t<div class=\"elementor-element elementor-element-fb1eeba animated-slow e-flex e-con-boxed elementor-invisible e-con e-parent\" data-id=\"fb1eeba\" data-element_type=\"container\" data-settings=\"{&quot;animation&quot;:&quot;fadeInUp&quot;,&quot;content_width&quot;:&quot;boxed&quot;}\" data-core-v316-plus=\"true\">\n\t\t\t\t\t<div class=\"e-con-inner\">\n\t\t<div class=\"elementor-element elementor-element-dc8a6b6 e-con-full e-flex e-con e-child\" data-id=\"dc8a6b6\" data-element_type=\"container\" data-settings=\"{&quot;content_width&quot;:&quot;full&quot;}\">\n\t\t\t\t<div class=\"elementor-element elementor-element-fbc9d1b elementor-widget elementor-widget-heading\" data-id=\"fbc9d1b\" data-element_type=\"widget\" data-widget_type=\"heading.default\">\n\t\t\t\t<div class=\"elementor-widget-container\">\n\t\t\t<h2 class=\"elementor-heading-title elementor-size-default\">Nossa hist\u00f3ria<\/h2>\t\t<\/div>\n\t\t\t\t<\/div>\n\t\t\t\t<div class=\"elementor-element elementor-element-9a1bb62 elementor-widget elementor-widget-read-more\" data-id=\"9a1bb62\" data-element_type=\"widget\" data-widget_type=\"read-more.default\">\n\t\t\t\t<div class=\"elementor-widget-container\">\n\t\t\t<\/div><\/div><\/div><\/div><\/div><\/div> <a href=\"https:\/\/colegiojesusmariajose.org.br\/pm\/o-colegio\/#more-870\" class=\"more-link elementor-more-link\"><span aria-label=\"Continuar lendo COL\u00c9GIO\">Continue lendo<\/span><\/a>","protected":false},"excerpt":{"rendered":"<p>COL\u00c9GIO JESUS MARIA JOS\u00c9 Quem somos Em Palmeira das Miss\u00f5es (RS), com mais de 60 anos de hist\u00f3ria, o Col\u00e9gio Jesus Maria Jos\u00e9 \u00e9 uma institui\u00e7\u00e3o que preza por educa\u00e7\u00e3o de qualidade e pautada nos valores crist\u00e3os. Acreditamos que a fam\u00edlia \u00e9 uma importante parceira na educa\u00e7\u00e3o e na realiza\u00e7\u00e3o das atividades educativas.\u00a0 Aqui, n\u00f3s [&hellip;]<\/p>\n","protected":false},"author":1,"featured_media":0,"parent":0,"menu_order":0,"comment_status":"closed","ping_status":"closed","template":"elementor_header_footer","meta":{"footnotes":""},"folder":[],"class_list":["post-870","page","type-page","status-publish","hentry"],"yoast_head":"<!-- This site is optimized with the Yoast SEO plugin v27.6 - https:\/\/yoast.com\/product\/yoast-seo-wordpress\/ -->\n<title>COL\u00c9GIO - COL\u00c9GIO JMJ PALMEIRAS DAS MISS\u00d5ES<\/title>\n<meta name=\"robots\" content=\"index, follow, max-snippet:-1, max-image-preview:large, max-video-preview:-1\" \/>\n<link rel=\"canonical\" href=\"https:\/\/colegiojesusmariajose.org.br\/pm\/o-colegio\/\" \/>\n<meta property=\"og:locale\" content=\"pt_BR\" \/>\n<meta property=\"og:type\" content=\"article\" \/>\n<meta property=\"og:title\" content=\"COL\u00c9GIO - COL\u00c9GIO JMJ PALMEIRAS DAS MISS\u00d5ES\" \/>\n<meta property=\"og:description\" content=\"COL\u00c9GIO JESUS MARIA JOS\u00c9 Quem somos Em Palmeira das Miss\u00f5es (RS), com mais de 60 anos de hist\u00f3ria, o Col\u00e9gio Jesus Maria Jos\u00e9 \u00e9 uma institui\u00e7\u00e3o que preza por educa\u00e7\u00e3o de qualidade e pautada nos valores crist\u00e3os. Acreditamos que a fam\u00edlia \u00e9 uma importante parceira na educa\u00e7\u00e3o e na realiza\u00e7\u00e3o das atividades educativas.\u00a0 Aqui, n\u00f3s [&hellip;]\" \/>\n<meta property=\"og:url\" content=\"https:\/\/colegiojesusmariajose.org.br\/pm\/o-colegio\/\" \/>\n<meta property=\"og:site_name\" content=\"COL\u00c9GIO JMJ PALMEIRAS DAS MISS\u00d5ES\" \/>\n<meta property=\"article:modified_time\" content=\"2024-05-29T14:54:45+00:00\" \/>\n<meta property=\"og:image\" content=\"https:\/\/colegiojesusmariajose.org.br\/pm\/wp-content\/uploads\/elementor\/thumbs\/QUEM-SOMOS-qovnnokjymk70c8d03zhcyymgfpy3a07t9attlk5a0.jpg\" \/>\n<meta name=\"twitter:card\" content=\"summary_large_image\" \/>\n<meta name=\"twitter:label1\" content=\"Est. tempo de leitura\" \/>\n\t<meta name=\"twitter:data1\" content=\"2 minutos\" \/>\n<script type=\"application\/ld+json\" class=\"yoast-schema-graph\">{\"@context\":\"https:\\\/\\\/schema.org\",\"@graph\":[{\"@type\":\"WebPage\",\"@id\":\"https:\\\/\\\/colegiojesusmariajose.org.br\\\/pm\\\/o-colegio\\\/\",\"url\":\"https:\\\/\\\/colegiojesusmariajose.org.br\\\/pm\\\/o-colegio\\\/\",\"name\":\"COL\u00c9GIO - COL\u00c9GIO JMJ PALMEIRAS DAS MISS\u00d5ES\",\"isPartOf\":{\"@id\":\"https:\\\/\\\/colegiojesusmariajose.org.br\\\/pm\\\/#website\"},\"primaryImageOfPage\":{\"@id\":\"https:\\\/\\\/colegiojesusmariajose.org.br\\\/pm\\\/o-colegio\\\/#primaryimage\"},\"image\":{\"@id\":\"https:\\\/\\\/colegiojesusmariajose.org.br\\\/pm\\\/o-colegio\\\/#primaryimage\"},\"thumbnailUrl\":\"https:\\\/\\\/colegiojesusmariajose.org.br\\\/pm\\\/wp-content\\\/uploads\\\/elementor\\\/thumbs\\\/QUEM-SOMOS-qovnnokjymk70c8d03zhcyymgfpy3a07t9attlk5a0.jpg\",\"datePublished\":\"2023-08-01T12:06:50+00:00\",\"dateModified\":\"2024-05-29T14:54:45+00:00\",\"breadcrumb\":{\"@id\":\"https:\\\/\\\/colegiojesusmariajose.org.br\\\/pm\\\/o-colegio\\\/#breadcrumb\"},\"inLanguage\":\"pt-BR\",\"potentialAction\":[{\"@type\":\"ReadAction\",\"target\":[\"https:\\\/\\\/colegiojesusmariajose.org.br\\\/pm\\\/o-colegio\\\/\"]}]},{\"@type\":\"ImageObject\",\"inLanguage\":\"pt-BR\",\"@id\":\"https:\\\/\\\/colegiojesusmariajose.org.br\\\/pm\\\/o-colegio\\\/#primaryimage\",\"url\":\"https:\\\/\\\/colegiojesusmariajose.org.br\\\/pm\\\/wp-content\\\/uploads\\\/elementor\\\/thumbs\\\/QUEM-SOMOS-qovnnokjymk70c8d03zhcyymgfpy3a07t9attlk5a0.jpg\",\"contentUrl\":\"https:\\\/\\\/colegiojesusmariajose.org.br\\\/pm\\\/wp-content\\\/uploads\\\/elementor\\\/thumbs\\\/QUEM-SOMOS-qovnnokjymk70c8d03zhcyymgfpy3a07t9attlk5a0.jpg\"},{\"@type\":\"BreadcrumbList\",\"@id\":\"https:\\\/\\\/colegiojesusmariajose.org.br\\\/pm\\\/o-colegio\\\/#breadcrumb\",\"itemListElement\":[{\"@type\":\"ListItem\",\"position\":1,\"name\":\"In\u00edcio\",\"item\":\"https:\\\/\\\/colegiojesusmariajose.org.br\\\/pm\\\/\"},{\"@type\":\"ListItem\",\"position\":2,\"name\":\"COL\u00c9GIO\"}]},{\"@type\":\"WebSite\",\"@id\":\"https:\\\/\\\/colegiojesusmariajose.org.br\\\/pm\\\/#website\",\"url\":\"https:\\\/\\\/colegiojesusmariajose.org.br\\\/pm\\\/\",\"name\":\"COL\u00c9GIO JMJ PALMEIRAS DAS MISS\u00d5ES\",\"description\":\"\",\"publisher\":{\"@id\":\"https:\\\/\\\/colegiojesusmariajose.org.br\\\/pm\\\/#organization\"},\"potentialAction\":[{\"@type\":\"SearchAction\",\"target\":{\"@type\":\"EntryPoint\",\"urlTemplate\":\"https:\\\/\\\/colegiojesusmariajose.org.br\\\/pm\\\/?s={search_term_string}\"},\"query-input\":{\"@type\":\"PropertyValueSpecification\",\"valueRequired\":true,\"valueName\":\"search_term_string\"}}],\"inLanguage\":\"pt-BR\"},{\"@type\":\"Organization\",\"@id\":\"https:\\\/\\\/colegiojesusmariajose.org.br\\\/pm\\\/#organization\",\"name\":\"COL\u00c9GIO JMJ PALMEIRAS DAS MISS\u00d5ES\",\"url\":\"https:\\\/\\\/colegiojesusmariajose.org.br\\\/pm\\\/\",\"logo\":{\"@type\":\"ImageObject\",\"inLanguage\":\"pt-BR\",\"@id\":\"https:\\\/\\\/colegiojesusmariajose.org.br\\\/pm\\\/#\\\/schema\\\/logo\\\/image\\\/\",\"url\":\"https:\\\/\\\/colegiojesusmariajose.org.br\\\/pm\\\/wp-content\\\/uploads\\\/2023\\\/07\\\/lg-az-hotizont-2.png\",\"contentUrl\":\"https:\\\/\\\/colegiojesusmariajose.org.br\\\/pm\\\/wp-content\\\/uploads\\\/2023\\\/07\\\/lg-az-hotizont-2.png\",\"width\":1396,\"height\":284,\"caption\":\"COL\u00c9GIO JMJ PALMEIRAS DAS MISS\u00d5ES\"},\"image\":{\"@id\":\"https:\\\/\\\/colegiojesusmariajose.org.br\\\/pm\\\/#\\\/schema\\\/logo\\\/image\\\/\"}}]}<\/script>\n<!-- \/ Yoast SEO plugin. -->","yoast_head_json":{"title":"COL\u00c9GIO - COL\u00c9GIO JMJ PALMEIRAS DAS MISS\u00d5ES","robots":{"index":"index","follow":"follow","max-snippet":"max-snippet:-1","max-image-preview":"max-image-preview:large","max-video-preview":"max-video-preview:-1"},"canonical":"https:\/\/colegiojesusmariajose.org.br\/pm\/o-colegio\/","og_locale":"pt_BR","og_type":"article","og_title":"COL\u00c9GIO - COL\u00c9GIO JMJ PALMEIRAS DAS MISS\u00d5ES","og_description":"COL\u00c9GIO JESUS MARIA JOS\u00c9 Quem somos Em Palmeira das Miss\u00f5es (RS), com mais de 60 anos de hist\u00f3ria, o Col\u00e9gio Jesus Maria Jos\u00e9 \u00e9 uma institui\u00e7\u00e3o que preza por educa\u00e7\u00e3o de qualidade e pautada nos valores crist\u00e3os. Acreditamos que a fam\u00edlia \u00e9 uma importante parceira na educa\u00e7\u00e3o e na realiza\u00e7\u00e3o das atividades educativas.\u00a0 Aqui, n\u00f3s [&hellip;]","og_url":"https:\/\/colegiojesusmariajose.org.br\/pm\/o-colegio\/","og_site_name":"COL\u00c9GIO JMJ PALMEIRAS DAS MISS\u00d5ES","article_modified_time":"2024-05-29T14:54:45+00:00","og_image":[{"url":"https:\/\/colegiojesusmariajose.org.br\/pm\/wp-content\/uploads\/elementor\/thumbs\/QUEM-SOMOS-qovnnokjymk70c8d03zhcyymgfpy3a07t9attlk5a0.jpg","type":"","width":"","height":""}],"twitter_card":"summary_large_image","twitter_misc":{"Est. tempo de leitura":"2 minutos"},"schema":{"@context":"https:\/\/schema.org","@graph":[{"@type":"WebPage","@id":"https:\/\/colegiojesusmariajose.org.br\/pm\/o-colegio\/","url":"https:\/\/colegiojesusmariajose.org.br\/pm\/o-colegio\/","name":"COL\u00c9GIO - COL\u00c9GIO JMJ PALMEIRAS DAS MISS\u00d5ES","isPartOf":{"@id":"https:\/\/colegiojesusmariajose.org.br\/pm\/#website"},"primaryImageOfPage":{"@id":"https:\/\/colegiojesusmariajose.org.br\/pm\/o-colegio\/#primaryimage"},"image":{"@id":"https:\/\/colegiojesusmariajose.org.br\/pm\/o-colegio\/#primaryimage"},"thumbnailUrl":"https:\/\/colegiojesusmariajose.org.br\/pm\/wp-content\/uploads\/elementor\/thumbs\/QUEM-SOMOS-qovnnokjymk70c8d03zhcyymgfpy3a07t9attlk5a0.jpg","datePublished":"2023-08-01T12:06:50+00:00","dateModified":"2024-05-29T14:54:45+00:00","breadcrumb":{"@id":"https:\/\/colegiojesusmariajose.org.br\/pm\/o-colegio\/#breadcrumb"},"inLanguage":"pt-BR","potentialAction":[{"@type":"ReadAction","target":["https:\/\/colegiojesusmariajose.org.br\/pm\/o-colegio\/"]}]},{"@type":"ImageObject","inLanguage":"pt-BR","@id":"https:\/\/colegiojesusmariajose.org.br\/pm\/o-colegio\/#primaryimage","url":"https:\/\/colegiojesusmariajose.org.br\/pm\/wp-content\/uploads\/elementor\/thumbs\/QUEM-SOMOS-qovnnokjymk70c8d03zhcyymgfpy3a07t9attlk5a0.jpg","contentUrl":"https:\/\/colegiojesusmariajose.org.br\/pm\/wp-content\/uploads\/elementor\/thumbs\/QUEM-SOMOS-qovnnokjymk70c8d03zhcyymgfpy3a07t9attlk5a0.jpg"},{"@type":"BreadcrumbList","@id":"https:\/\/colegiojesusmariajose.org.br\/pm\/o-colegio\/#breadcrumb","itemListElement":[{"@type":"ListItem","position":1,"name":"In\u00edcio","item":"https:\/\/colegiojesusmariajose.org.br\/pm\/"},{"@type":"ListItem","position":2,"name":"COL\u00c9GIO"}]},{"@type":"WebSite","@id":"https:\/\/colegiojesusmariajose.org.br\/pm\/#website","url":"https:\/\/colegiojesusmariajose.org.br\/pm\/","name":"COL\u00c9GIO JMJ PALMEIRAS DAS MISS\u00d5ES","description":"","publisher":{"@id":"https:\/\/colegiojesusmariajose.org.br\/pm\/#organization"},"potentialAction":[{"@type":"SearchAction","target":{"@type":"EntryPoint","urlTemplate":"https:\/\/colegiojesusmariajose.org.br\/pm\/?s={search_term_string}"},"query-input":{"@type":"PropertyValueSpecification","valueRequired":true,"valueName":"search_term_string"}}],"inLanguage":"pt-BR"},{"@type":"Organization","@id":"https:\/\/colegiojesusmariajose.org.br\/pm\/#organization","name":"COL\u00c9GIO JMJ PALMEIRAS DAS MISS\u00d5ES","url":"https:\/\/colegiojesusmariajose.org.br\/pm\/","logo":{"@type":"ImageObject","inLanguage":"pt-BR","@id":"https:\/\/colegiojesusmariajose.org.br\/pm\/#\/schema\/logo\/image\/","url":"https:\/\/colegiojesusmariajose.org.br\/pm\/wp-content\/uploads\/2023\/07\/lg-az-hotizont-2.png","contentUrl":"https:\/\/colegiojesusmariajose.org.br\/pm\/wp-content\/uploads\/2023\/07\/lg-az-hotizont-2.png","width":1396,"height":284,"caption":"COL\u00c9GIO JMJ PALMEIRAS DAS MISS\u00d5ES"},"image":{"@id":"https:\/\/colegiojesusmariajose.org.br\/pm\/#\/schema\/logo\/image\/"}}]}},"_links":{"self":[{"href":"https:\/\/colegiojesusmariajose.org.br\/pm\/wp-json\/wp\/v2\/pages\/870","targetHints":{"allow":["GET"]}}],"collection":[{"href":"https:\/\/colegiojesusmariajose.org.br\/pm\/wp-json\/wp\/v2\/pages"}],"about":[{"href":"https:\/\/colegiojesusmariajose.org.br\/pm\/wp-json\/wp\/v2\/types\/page"}],"author":[{"embeddable":true,"href":"https:\/\/colegiojesusmariajose.org.br\/pm\/wp-json\/wp\/v2\/users\/1"}],"replies":[{"embeddable":true,"href":"https:\/\/colegiojesusmariajose.org.br\/pm\/wp-json\/wp\/v2\/comments?post=870"}],"version-history":[{"count":103,"href":"https:\/\/colegiojesusmariajose.org.br\/pm\/wp-json\/wp\/v2\/pages\/870\/revisions"}],"predecessor-version":[{"id":4030,"href":"https:\/\/colegiojesusmariajose.org.br\/pm\/wp-json\/wp\/v2\/pages\/870\/revisions\/4030"}],"wp:attachment":[{"href":"https:\/\/colegiojesusmariajose.org.br\/pm\/wp-json\/wp\/v2\/media?parent=870"}],"wp:term":[{"taxonomy":"folder","embeddable":true,"href":"https:\/\/colegiojesusmariajose.org.br\/pm\/wp-json\/wp\/v2\/folder?post=870"}],"curies":[{"name":"wp","href":"https:\/\/api.w.org\/{rel}","templated":true}]}}