{"id":3546,"date":"2024-02-19T13:36:37","date_gmt":"2024-02-19T16:36:37","guid":{"rendered":"https:\/\/colegiojesusmariajose.org.br\/pm\/?page_id=3546"},"modified":"2024-05-17T16:38:42","modified_gmt":"2024-05-17T19:38:42","slug":"ensino-medio","status":"publish","type":"page","link":"https:\/\/colegiojesusmariajose.org.br\/pm\/ensino-medio\/","title":{"rendered":"ENSINO M\u00c9DIO"},"content":{"rendered":"\t\t<div data-elementor-type=\"wp-page\" data-elementor-id=\"3546\" class=\"elementor elementor-3546\">\n\t\t\t\t\t\t\t<div class=\"elementor-element elementor-element-329fa8c5 e-flex e-con-boxed e-con e-parent\" data-id=\"329fa8c5\" data-element_type=\"container\" data-settings=\"{&quot;background_background&quot;:&quot;classic&quot;,&quot;content_width&quot;:&quot;boxed&quot;}\" data-core-v316-plus=\"true\">\n\t\t\t\t\t<div class=\"e-con-inner\">\n\t\t<div class=\"elementor-element elementor-element-643a5932 e-flex e-con-boxed e-con e-child\" data-id=\"643a5932\" data-element_type=\"container\" data-settings=\"{&quot;content_width&quot;:&quot;boxed&quot;}\">\n\t\t\t\t\t<div class=\"e-con-inner\">\n\t\t\t\t<div class=\"elementor-element elementor-element-254dda9e elementor-widget elementor-widget-heading\" data-id=\"254dda9e\" data-element_type=\"widget\" data-widget_type=\"heading.default\">\n\t\t\t\t<div class=\"elementor-widget-container\">\n\t\t\t<style>\/*! elementor - v3.18.0 - 08-12-2023 *\/\n.elementor-heading-title{padding:0;margin:0;line-height:1}.elementor-widget-heading .elementor-heading-title[class*=elementor-size-]>a{color:inherit;font-size:inherit;line-height:inherit}.elementor-widget-heading .elementor-heading-title.elementor-size-small{font-size:15px}.elementor-widget-heading .elementor-heading-title.elementor-size-medium{font-size:19px}.elementor-widget-heading .elementor-heading-title.elementor-size-large{font-size:29px}.elementor-widget-heading .elementor-heading-title.elementor-size-xl{font-size:39px}.elementor-widget-heading .elementor-heading-title.elementor-size-xxl{font-size:59px}<\/style><h2 class=\"elementor-heading-title elementor-size-default\">ENSINO M\u00c9DIO<\/h2>\t\t<\/div>\n\t\t\t\t<\/div>\n\t\t\t\t\t<\/div>\n\t\t\t\t<\/div>\n\t\t\t\t\t<\/div>\n\t\t\t\t<\/div>\n\t\t<div class=\"elementor-element elementor-element-1ffa2807 e-flex e-con-boxed e-con e-parent\" data-id=\"1ffa2807\" data-element_type=\"container\" data-settings=\"{&quot;content_width&quot;:&quot;boxed&quot;}\" data-core-v316-plus=\"true\">\n\t\t\t\t\t<div class=\"e-con-inner\">\n\t\t\t\t<div class=\"elementor-element elementor-element-64ee8808 elementor-widget elementor-widget-spacer\" data-id=\"64ee8808\" data-element_type=\"widget\" data-widget_type=\"spacer.default\">\n\t\t\t\t<div class=\"elementor-widget-container\">\n\t\t\t<style>\/*! elementor - v3.18.0 - 08-12-2023 *\/\n.elementor-column .elementor-spacer-inner{height:var(--spacer-size)}.e-con{--container-widget-width:100%}.e-con-inner>.elementor-widget-spacer,.e-con>.elementor-widget-spacer{width:var(--container-widget-width,var(--spacer-size));--align-self:var(--container-widget-align-self,initial);--flex-shrink:0}.e-con-inner>.elementor-widget-spacer>.elementor-widget-container,.e-con>.elementor-widget-spacer>.elementor-widget-container{height:100%;width:100%}.e-con-inner>.elementor-widget-spacer>.elementor-widget-container>.elementor-spacer,.e-con>.elementor-widget-spacer>.elementor-widget-container>.elementor-spacer{height:100%}.e-con-inner>.elementor-widget-spacer>.elementor-widget-container>.elementor-spacer>.elementor-spacer-inner,.e-con>.elementor-widget-spacer>.elementor-widget-container>.elementor-spacer>.elementor-spacer-inner{height:var(--container-widget-height,var(--spacer-size))}.e-con-inner>.elementor-widget-spacer.elementor-widget-empty,.e-con>.elementor-widget-spacer.elementor-widget-empty{position:relative;min-height:22px;min-width:22px}.e-con-inner>.elementor-widget-spacer.elementor-widget-empty .elementor-widget-empty-icon,.e-con>.elementor-widget-spacer.elementor-widget-empty .elementor-widget-empty-icon{position:absolute;top:0;bottom:0;left:0;right:0;margin:auto;padding:0;width:22px;height:22px}<\/style>\t\t<div class=\"elementor-spacer\">\n\t\t\t<div class=\"elementor-spacer-inner\"><\/div>\n\t\t<\/div>\n\t\t\t\t<\/div>\n\t\t\t\t<\/div>\n\t\t\t\t\t<\/div>\n\t\t\t\t<\/div>\n\t\t<div class=\"elementor-element elementor-element-5937f13d animated-slow e-flex e-con-boxed elementor-invisible e-con e-parent\" data-id=\"5937f13d\" data-element_type=\"container\" data-settings=\"{&quot;animation&quot;:&quot;fadeInUp&quot;,&quot;content_width&quot;:&quot;boxed&quot;}\" data-core-v316-plus=\"true\">\n\t\t\t\t\t<div class=\"e-con-inner\">\n\t\t<div class=\"elementor-element elementor-element-13c87495 e-con-full e-flex e-con e-child\" data-id=\"13c87495\" data-element_type=\"container\" data-settings=\"{&quot;content_width&quot;:&quot;full&quot;}\">\n\t\t\t\t<div class=\"elementor-element elementor-element-4d1cebbf elementor-widget elementor-widget-image\" data-id=\"4d1cebbf\" data-element_type=\"widget\" data-widget_type=\"image.default\">\n\t\t\t\t<div class=\"elementor-widget-container\">\n\t\t\t<style>\/*! elementor - v3.18.0 - 08-12-2023 *\/\n.elementor-widget-image{text-align:center}.elementor-widget-image a{display:inline-block}.elementor-widget-image a img[src$=\".svg\"]{width:48px}.elementor-widget-image img{vertical-align:middle;display:inline-block}<\/style>\t\t\t\t\t\t\t\t\t\t\t\t<img decoding=\"async\" src=\"https:\/\/colegiojesusmariajose.org.br\/pm\/wp-content\/uploads\/elementor\/thumbs\/ENSINO-MEDIO-qob41mtfpni9t61xfcrnmgmi0e4ixbfs2jwtzq9mm0.jpg\" title=\"ENSINO MEDIO\" alt=\"ENSINO MEDIO\" loading=\"lazy\" \/>\t\t\t\t\t\t\t\t\t\t\t\t\t\t\t<\/div>\n\t\t\t\t<\/div>\n\t\t\t\t<\/div>\n\t\t<div class=\"elementor-element elementor-element-2b9f7256 e-con-full e-flex e-con e-child\" data-id=\"2b9f7256\" data-element_type=\"container\" data-settings=\"{&quot;content_width&quot;:&quot;full&quot;}\">\n\t\t\t\t<div class=\"elementor-element elementor-element-34b8494a elementor-widget elementor-widget-heading\" data-id=\"34b8494a\" data-element_type=\"widget\" data-widget_type=\"heading.default\">\n\t\t\t\t<div class=\"elementor-widget-container\">\n\t\t\t<h2 class=\"elementor-heading-title elementor-size-default\">PREPARADOS PARA FAZER BOAS ESCOLHAS<\/h2>\t\t<\/div>\n\t\t\t\t<\/div>\n\t\t\t\t<div class=\"elementor-element elementor-element-415e1b0a elementor-widget elementor-widget-text-editor\" data-id=\"415e1b0a\" data-element_type=\"widget\" data-widget_type=\"text-editor.default\">\n\t\t\t\t<div class=\"elementor-widget-container\">\n\t\t\t<style>\/*! elementor - v3.18.0 - 08-12-2023 *\/\n.elementor-widget-text-editor.elementor-drop-cap-view-stacked .elementor-drop-cap{background-color:#69727d;color:#fff}.elementor-widget-text-editor.elementor-drop-cap-view-framed .elementor-drop-cap{color:#69727d;border:3px solid;background-color:transparent}.elementor-widget-text-editor:not(.elementor-drop-cap-view-default) .elementor-drop-cap{margin-top:8px}.elementor-widget-text-editor:not(.elementor-drop-cap-view-default) .elementor-drop-cap-letter{width:1em;height:1em}.elementor-widget-text-editor .elementor-drop-cap{float:left;text-align:center;line-height:1;font-size:50px}.elementor-widget-text-editor .elementor-drop-cap-letter{display:inline-block}<\/style>\t\t\t\t<p><span style=\"font-weight: 400;\">No Ensino M\u00e9dio, por meio de uma forma\u00e7\u00e3o integral, os alunos consolidam os conhecimentos constru\u00eddos ao longo da trajet\u00f3ria escolar. Nessa etapa, para atuar de forma justa, pac\u00edfica e igualit\u00e1ria, os estudantes exercitam o senso cr\u00edtico sobre o mundo, se preparam para os vestibulares e constroem seu projeto de vida.<\/span><\/p>\t\t\t\t\t\t<\/div>\n\t\t\t\t<\/div>\n\t\t\t\t<\/div>\n\t\t\t\t\t<\/div>\n\t\t\t\t<\/div>\n\t\t<div class=\"elementor-element elementor-element-5cbe728 e-flex e-con-boxed e-con e-parent\" data-id=\"5cbe728\" data-element_type=\"container\" data-settings=\"{&quot;content_width&quot;:&quot;boxed&quot;}\" data-core-v316-plus=\"true\">\n\t\t\t\t\t<div class=\"e-con-inner\">\n\t\t\t\t<div class=\"elementor-element elementor-element-17263e10 elementor-widget elementor-widget-spacer\" data-id=\"17263e10\" data-element_type=\"widget\" data-widget_type=\"spacer.default\">\n\t\t\t\t<div class=\"elementor-widget-container\">\n\t\t\t\t\t<div class=\"elementor-spacer\">\n\t\t\t<div class=\"elementor-spacer-inner\"><\/div>\n\t\t<\/div>\n\t\t\t\t<\/div>\n\t\t\t\t<\/div>\n\t\t\t\t\t<\/div>\n\t\t\t\t<\/div>\n\t\t\t\t\t\t\t<\/div>\n\t\t","protected":false},"excerpt":{"rendered":"<p>ENSINO M\u00c9DIO PREPARADOS PARA FAZER BOAS ESCOLHAS No Ensino M\u00e9dio, por meio de uma forma\u00e7\u00e3o integral, os alunos consolidam os conhecimentos constru\u00eddos ao longo da trajet\u00f3ria escolar. Nessa etapa, para atuar de forma justa, pac\u00edfica e igualit\u00e1ria, os estudantes exercitam o senso cr\u00edtico sobre o mundo, se preparam para os vestibulares e constroem seu projeto [&hellip;]<\/p>\n","protected":false},"author":1,"featured_media":0,"parent":0,"menu_order":0,"comment_status":"closed","ping_status":"closed","template":"elementor_header_footer","meta":{"footnotes":""},"folder":[],"class_list":["post-3546","page","type-page","status-publish","hentry"],"yoast_head":"<!-- This site is optimized with the Yoast SEO plugin v27.6 - https:\/\/yoast.com\/product\/yoast-seo-wordpress\/ -->\n<title>ENSINO M\u00c9DIO - COL\u00c9GIO JMJ PALMEIRAS DAS MISS\u00d5ES<\/title>\n<meta name=\"robots\" content=\"index, follow, max-snippet:-1, max-image-preview:large, max-video-preview:-1\" \/>\n<link rel=\"canonical\" href=\"https:\/\/colegiojesusmariajose.org.br\/pm\/ensino-medio\/\" \/>\n<meta property=\"og:locale\" content=\"pt_BR\" \/>\n<meta property=\"og:type\" content=\"article\" \/>\n<meta property=\"og:title\" content=\"ENSINO M\u00c9DIO - COL\u00c9GIO JMJ PALMEIRAS DAS MISS\u00d5ES\" \/>\n<meta property=\"og:description\" content=\"ENSINO M\u00c9DIO PREPARADOS PARA FAZER BOAS ESCOLHAS No Ensino M\u00e9dio, por meio de uma forma\u00e7\u00e3o integral, os alunos consolidam os conhecimentos constru\u00eddos ao longo da trajet\u00f3ria escolar. Nessa etapa, para atuar de forma justa, pac\u00edfica e igualit\u00e1ria, os estudantes exercitam o senso cr\u00edtico sobre o mundo, se preparam para os vestibulares e constroem seu projeto [&hellip;]\" \/>\n<meta property=\"og:url\" content=\"https:\/\/colegiojesusmariajose.org.br\/pm\/ensino-medio\/\" \/>\n<meta property=\"og:site_name\" content=\"COL\u00c9GIO JMJ PALMEIRAS DAS MISS\u00d5ES\" \/>\n<meta property=\"article:modified_time\" content=\"2024-05-17T19:38:42+00:00\" \/>\n<meta property=\"og:image\" content=\"https:\/\/colegiojesusmariajose.org.br\/pm\/wp-content\/uploads\/elementor\/thumbs\/ENSINO-MEDIO-qob41mtfpni9t61xfcrnmgmi0e4ixbfs2jwtzq9mm0.jpg\" \/>\n<meta name=\"twitter:card\" content=\"summary_large_image\" \/>\n<script type=\"application\/ld+json\" class=\"yoast-schema-graph\">{\"@context\":\"https:\\\/\\\/schema.org\",\"@graph\":[{\"@type\":\"WebPage\",\"@id\":\"https:\\\/\\\/colegiojesusmariajose.org.br\\\/pm\\\/ensino-medio\\\/\",\"url\":\"https:\\\/\\\/colegiojesusmariajose.org.br\\\/pm\\\/ensino-medio\\\/\",\"name\":\"ENSINO M\u00c9DIO - COL\u00c9GIO JMJ PALMEIRAS DAS MISS\u00d5ES\",\"isPartOf\":{\"@id\":\"https:\\\/\\\/colegiojesusmariajose.org.br\\\/pm\\\/#website\"},\"primaryImageOfPage\":{\"@id\":\"https:\\\/\\\/colegiojesusmariajose.org.br\\\/pm\\\/ensino-medio\\\/#primaryimage\"},\"image\":{\"@id\":\"https:\\\/\\\/colegiojesusmariajose.org.br\\\/pm\\\/ensino-medio\\\/#primaryimage\"},\"thumbnailUrl\":\"https:\\\/\\\/colegiojesusmariajose.org.br\\\/pm\\\/wp-content\\\/uploads\\\/elementor\\\/thumbs\\\/ENSINO-MEDIO-qob41mtfpni9t61xfcrnmgmi0e4ixbfs2jwtzq9mm0.jpg\",\"datePublished\":\"2024-02-19T16:36:37+00:00\",\"dateModified\":\"2024-05-17T19:38:42+00:00\",\"breadcrumb\":{\"@id\":\"https:\\\/\\\/colegiojesusmariajose.org.br\\\/pm\\\/ensino-medio\\\/#breadcrumb\"},\"inLanguage\":\"pt-BR\",\"potentialAction\":[{\"@type\":\"ReadAction\",\"target\":[\"https:\\\/\\\/colegiojesusmariajose.org.br\\\/pm\\\/ensino-medio\\\/\"]}]},{\"@type\":\"ImageObject\",\"inLanguage\":\"pt-BR\",\"@id\":\"https:\\\/\\\/colegiojesusmariajose.org.br\\\/pm\\\/ensino-medio\\\/#primaryimage\",\"url\":\"https:\\\/\\\/colegiojesusmariajose.org.br\\\/pm\\\/wp-content\\\/uploads\\\/elementor\\\/thumbs\\\/ENSINO-MEDIO-qob41mtfpni9t61xfcrnmgmi0e4ixbfs2jwtzq9mm0.jpg\",\"contentUrl\":\"https:\\\/\\\/colegiojesusmariajose.org.br\\\/pm\\\/wp-content\\\/uploads\\\/elementor\\\/thumbs\\\/ENSINO-MEDIO-qob41mtfpni9t61xfcrnmgmi0e4ixbfs2jwtzq9mm0.jpg\"},{\"@type\":\"BreadcrumbList\",\"@id\":\"https:\\\/\\\/colegiojesusmariajose.org.br\\\/pm\\\/ensino-medio\\\/#breadcrumb\",\"itemListElement\":[{\"@type\":\"ListItem\",\"position\":1,\"name\":\"In\u00edcio\",\"item\":\"https:\\\/\\\/colegiojesusmariajose.org.br\\\/pm\\\/\"},{\"@type\":\"ListItem\",\"position\":2,\"name\":\"ENSINO M\u00c9DIO\"}]},{\"@type\":\"WebSite\",\"@id\":\"https:\\\/\\\/colegiojesusmariajose.org.br\\\/pm\\\/#website\",\"url\":\"https:\\\/\\\/colegiojesusmariajose.org.br\\\/pm\\\/\",\"name\":\"COL\u00c9GIO JMJ PALMEIRAS DAS MISS\u00d5ES\",\"description\":\"\",\"publisher\":{\"@id\":\"https:\\\/\\\/colegiojesusmariajose.org.br\\\/pm\\\/#organization\"},\"potentialAction\":[{\"@type\":\"SearchAction\",\"target\":{\"@type\":\"EntryPoint\",\"urlTemplate\":\"https:\\\/\\\/colegiojesusmariajose.org.br\\\/pm\\\/?s={search_term_string}\"},\"query-input\":{\"@type\":\"PropertyValueSpecification\",\"valueRequired\":true,\"valueName\":\"search_term_string\"}}],\"inLanguage\":\"pt-BR\"},{\"@type\":\"Organization\",\"@id\":\"https:\\\/\\\/colegiojesusmariajose.org.br\\\/pm\\\/#organization\",\"name\":\"COL\u00c9GIO JMJ PALMEIRAS DAS MISS\u00d5ES\",\"url\":\"https:\\\/\\\/colegiojesusmariajose.org.br\\\/pm\\\/\",\"logo\":{\"@type\":\"ImageObject\",\"inLanguage\":\"pt-BR\",\"@id\":\"https:\\\/\\\/colegiojesusmariajose.org.br\\\/pm\\\/#\\\/schema\\\/logo\\\/image\\\/\",\"url\":\"https:\\\/\\\/colegiojesusmariajose.org.br\\\/pm\\\/wp-content\\\/uploads\\\/2023\\\/07\\\/lg-az-hotizont-2.png\",\"contentUrl\":\"https:\\\/\\\/colegiojesusmariajose.org.br\\\/pm\\\/wp-content\\\/uploads\\\/2023\\\/07\\\/lg-az-hotizont-2.png\",\"width\":1396,\"height\":284,\"caption\":\"COL\u00c9GIO JMJ PALMEIRAS DAS MISS\u00d5ES\"},\"image\":{\"@id\":\"https:\\\/\\\/colegiojesusmariajose.org.br\\\/pm\\\/#\\\/schema\\\/logo\\\/image\\\/\"}}]}<\/script>\n<!-- \/ Yoast SEO plugin. -->","yoast_head_json":{"title":"ENSINO M\u00c9DIO - COL\u00c9GIO JMJ PALMEIRAS DAS MISS\u00d5ES","robots":{"index":"index","follow":"follow","max-snippet":"max-snippet:-1","max-image-preview":"max-image-preview:large","max-video-preview":"max-video-preview:-1"},"canonical":"https:\/\/colegiojesusmariajose.org.br\/pm\/ensino-medio\/","og_locale":"pt_BR","og_type":"article","og_title":"ENSINO M\u00c9DIO - COL\u00c9GIO JMJ PALMEIRAS DAS MISS\u00d5ES","og_description":"ENSINO M\u00c9DIO PREPARADOS PARA FAZER BOAS ESCOLHAS No Ensino M\u00e9dio, por meio de uma forma\u00e7\u00e3o integral, os alunos consolidam os conhecimentos constru\u00eddos ao longo da trajet\u00f3ria escolar. Nessa etapa, para atuar de forma justa, pac\u00edfica e igualit\u00e1ria, os estudantes exercitam o senso cr\u00edtico sobre o mundo, se preparam para os vestibulares e constroem seu projeto [&hellip;]","og_url":"https:\/\/colegiojesusmariajose.org.br\/pm\/ensino-medio\/","og_site_name":"COL\u00c9GIO JMJ PALMEIRAS DAS MISS\u00d5ES","article_modified_time":"2024-05-17T19:38:42+00:00","og_image":[{"url":"https:\/\/colegiojesusmariajose.org.br\/pm\/wp-content\/uploads\/elementor\/thumbs\/ENSINO-MEDIO-qob41mtfpni9t61xfcrnmgmi0e4ixbfs2jwtzq9mm0.jpg","type":"","width":"","height":""}],"twitter_card":"summary_large_image","schema":{"@context":"https:\/\/schema.org","@graph":[{"@type":"WebPage","@id":"https:\/\/colegiojesusmariajose.org.br\/pm\/ensino-medio\/","url":"https:\/\/colegiojesusmariajose.org.br\/pm\/ensino-medio\/","name":"ENSINO M\u00c9DIO - COL\u00c9GIO JMJ PALMEIRAS DAS MISS\u00d5ES","isPartOf":{"@id":"https:\/\/colegiojesusmariajose.org.br\/pm\/#website"},"primaryImageOfPage":{"@id":"https:\/\/colegiojesusmariajose.org.br\/pm\/ensino-medio\/#primaryimage"},"image":{"@id":"https:\/\/colegiojesusmariajose.org.br\/pm\/ensino-medio\/#primaryimage"},"thumbnailUrl":"https:\/\/colegiojesusmariajose.org.br\/pm\/wp-content\/uploads\/elementor\/thumbs\/ENSINO-MEDIO-qob41mtfpni9t61xfcrnmgmi0e4ixbfs2jwtzq9mm0.jpg","datePublished":"2024-02-19T16:36:37+00:00","dateModified":"2024-05-17T19:38:42+00:00","breadcrumb":{"@id":"https:\/\/colegiojesusmariajose.org.br\/pm\/ensino-medio\/#breadcrumb"},"inLanguage":"pt-BR","potentialAction":[{"@type":"ReadAction","target":["https:\/\/colegiojesusmariajose.org.br\/pm\/ensino-medio\/"]}]},{"@type":"ImageObject","inLanguage":"pt-BR","@id":"https:\/\/colegiojesusmariajose.org.br\/pm\/ensino-medio\/#primaryimage","url":"https:\/\/colegiojesusmariajose.org.br\/pm\/wp-content\/uploads\/elementor\/thumbs\/ENSINO-MEDIO-qob41mtfpni9t61xfcrnmgmi0e4ixbfs2jwtzq9mm0.jpg","contentUrl":"https:\/\/colegiojesusmariajose.org.br\/pm\/wp-content\/uploads\/elementor\/thumbs\/ENSINO-MEDIO-qob41mtfpni9t61xfcrnmgmi0e4ixbfs2jwtzq9mm0.jpg"},{"@type":"BreadcrumbList","@id":"https:\/\/colegiojesusmariajose.org.br\/pm\/ensino-medio\/#breadcrumb","itemListElement":[{"@type":"ListItem","position":1,"name":"In\u00edcio","item":"https:\/\/colegiojesusmariajose.org.br\/pm\/"},{"@type":"ListItem","position":2,"name":"ENSINO M\u00c9DIO"}]},{"@type":"WebSite","@id":"https:\/\/colegiojesusmariajose.org.br\/pm\/#website","url":"https:\/\/colegiojesusmariajose.org.br\/pm\/","name":"COL\u00c9GIO JMJ PALMEIRAS DAS MISS\u00d5ES","description":"","publisher":{"@id":"https:\/\/colegiojesusmariajose.org.br\/pm\/#organization"},"potentialAction":[{"@type":"SearchAction","target":{"@type":"EntryPoint","urlTemplate":"https:\/\/colegiojesusmariajose.org.br\/pm\/?s={search_term_string}"},"query-input":{"@type":"PropertyValueSpecification","valueRequired":true,"valueName":"search_term_string"}}],"inLanguage":"pt-BR"},{"@type":"Organization","@id":"https:\/\/colegiojesusmariajose.org.br\/pm\/#organization","name":"COL\u00c9GIO JMJ PALMEIRAS DAS MISS\u00d5ES","url":"https:\/\/colegiojesusmariajose.org.br\/pm\/","logo":{"@type":"ImageObject","inLanguage":"pt-BR","@id":"https:\/\/colegiojesusmariajose.org.br\/pm\/#\/schema\/logo\/image\/","url":"https:\/\/colegiojesusmariajose.org.br\/pm\/wp-content\/uploads\/2023\/07\/lg-az-hotizont-2.png","contentUrl":"https:\/\/colegiojesusmariajose.org.br\/pm\/wp-content\/uploads\/2023\/07\/lg-az-hotizont-2.png","width":1396,"height":284,"caption":"COL\u00c9GIO JMJ PALMEIRAS DAS MISS\u00d5ES"},"image":{"@id":"https:\/\/colegiojesusmariajose.org.br\/pm\/#\/schema\/logo\/image\/"}}]}},"_links":{"self":[{"href":"https:\/\/colegiojesusmariajose.org.br\/pm\/wp-json\/wp\/v2\/pages\/3546","targetHints":{"allow":["GET"]}}],"collection":[{"href":"https:\/\/colegiojesusmariajose.org.br\/pm\/wp-json\/wp\/v2\/pages"}],"about":[{"href":"https:\/\/colegiojesusmariajose.org.br\/pm\/wp-json\/wp\/v2\/types\/page"}],"author":[{"embeddable":true,"href":"https:\/\/colegiojesusmariajose.org.br\/pm\/wp-json\/wp\/v2\/users\/1"}],"replies":[{"embeddable":true,"href":"https:\/\/colegiojesusmariajose.org.br\/pm\/wp-json\/wp\/v2\/comments?post=3546"}],"version-history":[{"count":13,"href":"https:\/\/colegiojesusmariajose.org.br\/pm\/wp-json\/wp\/v2\/pages\/3546\/revisions"}],"predecessor-version":[{"id":3959,"href":"https:\/\/colegiojesusmariajose.org.br\/pm\/wp-json\/wp\/v2\/pages\/3546\/revisions\/3959"}],"wp:attachment":[{"href":"https:\/\/colegiojesusmariajose.org.br\/pm\/wp-json\/wp\/v2\/media?parent=3546"}],"wp:term":[{"taxonomy":"folder","embeddable":true,"href":"https:\/\/colegiojesusmariajose.org.br\/pm\/wp-json\/wp\/v2\/folder?post=3546"}],"curies":[{"name":"wp","href":"https:\/\/api.w.org\/{rel}","templated":true}]}}