{"id":2149,"date":"2023-08-22T11:54:43","date_gmt":"2023-08-22T14:54:43","guid":{"rendered":"https:\/\/colegiojesusmariajose.org.br\/pm\/?page_id=2149"},"modified":"2024-05-17T16:36:22","modified_gmt":"2024-05-17T19:36:22","slug":"anos-finais","status":"publish","type":"page","link":"https:\/\/colegiojesusmariajose.org.br\/pm\/anos-finais\/","title":{"rendered":"ANOS FINAIS"},"content":{"rendered":"\t\t<div data-elementor-type=\"wp-page\" data-elementor-id=\"2149\" class=\"elementor elementor-2149\">\n\t\t\t\t\t\t\t<div class=\"elementor-element elementor-element-3434880b e-flex e-con-boxed e-con e-parent\" data-id=\"3434880b\" data-element_type=\"container\" data-settings=\"{&quot;background_background&quot;:&quot;classic&quot;,&quot;content_width&quot;:&quot;boxed&quot;}\" data-core-v316-plus=\"true\">\n\t\t\t\t\t<div class=\"e-con-inner\">\n\t\t<div class=\"elementor-element elementor-element-4b95a03e e-flex e-con-boxed e-con e-child\" data-id=\"4b95a03e\" data-element_type=\"container\" data-settings=\"{&quot;content_width&quot;:&quot;boxed&quot;}\">\n\t\t\t\t\t<div class=\"e-con-inner\">\n\t\t\t\t<div class=\"elementor-element elementor-element-6e755048 elementor-widget elementor-widget-heading\" data-id=\"6e755048\" data-element_type=\"widget\" data-widget_type=\"heading.default\">\n\t\t\t\t<div class=\"elementor-widget-container\">\n\t\t\t<style>\/*! elementor - v3.18.0 - 08-12-2023 *\/\n.elementor-heading-title{padding:0;margin:0;line-height:1}.elementor-widget-heading .elementor-heading-title[class*=elementor-size-]>a{color:inherit;font-size:inherit;line-height:inherit}.elementor-widget-heading .elementor-heading-title.elementor-size-small{font-size:15px}.elementor-widget-heading .elementor-heading-title.elementor-size-medium{font-size:19px}.elementor-widget-heading .elementor-heading-title.elementor-size-large{font-size:29px}.elementor-widget-heading .elementor-heading-title.elementor-size-xl{font-size:39px}.elementor-widget-heading .elementor-heading-title.elementor-size-xxl{font-size:59px}<\/style><h2 class=\"elementor-heading-title elementor-size-default\">ENSINO FUNDAMENTAL<\/h2>\t\t<\/div>\n\t\t\t\t<\/div>\n\t\t\t\t\t<\/div>\n\t\t\t\t<\/div>\n\t\t\t\t\t<\/div>\n\t\t\t\t<\/div>\n\t\t<div class=\"elementor-element elementor-element-78a2a9b1 e-flex e-con-boxed e-con e-parent\" data-id=\"78a2a9b1\" data-element_type=\"container\" data-settings=\"{&quot;content_width&quot;:&quot;boxed&quot;}\" data-core-v316-plus=\"true\">\n\t\t\t\t\t<div class=\"e-con-inner\">\n\t\t\t\t<div class=\"elementor-element elementor-element-7432e0a7 elementor-widget elementor-widget-spacer\" data-id=\"7432e0a7\" data-element_type=\"widget\" data-widget_type=\"spacer.default\">\n\t\t\t\t<div class=\"elementor-widget-container\">\n\t\t\t<style>\/*! elementor - v3.18.0 - 08-12-2023 *\/\n.elementor-column .elementor-spacer-inner{height:var(--spacer-size)}.e-con{--container-widget-width:100%}.e-con-inner>.elementor-widget-spacer,.e-con>.elementor-widget-spacer{width:var(--container-widget-width,var(--spacer-size));--align-self:var(--container-widget-align-self,initial);--flex-shrink:0}.e-con-inner>.elementor-widget-spacer>.elementor-widget-container,.e-con>.elementor-widget-spacer>.elementor-widget-container{height:100%;width:100%}.e-con-inner>.elementor-widget-spacer>.elementor-widget-container>.elementor-spacer,.e-con>.elementor-widget-spacer>.elementor-widget-container>.elementor-spacer{height:100%}.e-con-inner>.elementor-widget-spacer>.elementor-widget-container>.elementor-spacer>.elementor-spacer-inner,.e-con>.elementor-widget-spacer>.elementor-widget-container>.elementor-spacer>.elementor-spacer-inner{height:var(--container-widget-height,var(--spacer-size))}.e-con-inner>.elementor-widget-spacer.elementor-widget-empty,.e-con>.elementor-widget-spacer.elementor-widget-empty{position:relative;min-height:22px;min-width:22px}.e-con-inner>.elementor-widget-spacer.elementor-widget-empty .elementor-widget-empty-icon,.e-con>.elementor-widget-spacer.elementor-widget-empty .elementor-widget-empty-icon{position:absolute;top:0;bottom:0;left:0;right:0;margin:auto;padding:0;width:22px;height:22px}<\/style>\t\t<div class=\"elementor-spacer\">\n\t\t\t<div class=\"elementor-spacer-inner\"><\/div>\n\t\t<\/div>\n\t\t\t\t<\/div>\n\t\t\t\t<\/div>\n\t\t\t\t\t<\/div>\n\t\t\t\t<\/div>\n\t\t<div class=\"elementor-element elementor-element-7186a723 animated-slow e-flex e-con-boxed elementor-invisible e-con e-parent\" data-id=\"7186a723\" data-element_type=\"container\" data-settings=\"{&quot;animation&quot;:&quot;fadeInUp&quot;,&quot;content_width&quot;:&quot;boxed&quot;}\" data-core-v316-plus=\"true\">\n\t\t\t\t\t<div class=\"e-con-inner\">\n\t\t<div class=\"elementor-element elementor-element-60dd631 e-con-full e-flex e-con e-child\" data-id=\"60dd631\" data-element_type=\"container\" data-settings=\"{&quot;content_width&quot;:&quot;full&quot;}\">\n\t\t\t\t<div class=\"elementor-element elementor-element-13ae17d0 elementor-widget elementor-widget-image\" data-id=\"13ae17d0\" data-element_type=\"widget\" data-widget_type=\"image.default\">\n\t\t\t\t<div class=\"elementor-widget-container\">\n\t\t\t<style>\/*! elementor - v3.18.0 - 08-12-2023 *\/\n.elementor-widget-image{text-align:center}.elementor-widget-image a{display:inline-block}.elementor-widget-image a img[src$=\".svg\"]{width:48px}.elementor-widget-image img{vertical-align:middle;display:inline-block}<\/style>\t\t\t\t\t\t\t\t\t\t\t\t<img decoding=\"async\" src=\"https:\/\/colegiojesusmariajose.org.br\/pm\/wp-content\/uploads\/elementor\/thumbs\/ANOS-FINAIS-qob3xtkzzuaeq3l9opg4if97a4wxpiayvonxxbx3ug.jpg\" title=\"ANOS FINAIS\" alt=\"ANOS FINAIS\" loading=\"lazy\" \/>\t\t\t\t\t\t\t\t\t\t\t\t\t\t\t<\/div>\n\t\t\t\t<\/div>\n\t\t\t\t<\/div>\n\t\t<div class=\"elementor-element elementor-element-75fac995 e-con-full e-flex e-con e-child\" data-id=\"75fac995\" data-element_type=\"container\" data-settings=\"{&quot;content_width&quot;:&quot;full&quot;}\">\n\t\t\t\t<div class=\"elementor-element elementor-element-3d07be83 elementor-widget elementor-widget-heading\" data-id=\"3d07be83\" data-element_type=\"widget\" data-widget_type=\"heading.default\">\n\t\t\t\t<div class=\"elementor-widget-container\">\n\t\t\t<h2 class=\"elementor-heading-title elementor-size-default\">ANOS FINAIS<\/h2>\t\t<\/div>\n\t\t\t\t<\/div>\n\t\t\t\t<div class=\"elementor-element elementor-element-43aff1da elementor-widget elementor-widget-text-editor\" data-id=\"43aff1da\" data-element_type=\"widget\" data-widget_type=\"text-editor.default\">\n\t\t\t\t<div class=\"elementor-widget-container\">\n\t\t\t<style>\/*! elementor - v3.18.0 - 08-12-2023 *\/\n.elementor-widget-text-editor.elementor-drop-cap-view-stacked .elementor-drop-cap{background-color:#69727d;color:#fff}.elementor-widget-text-editor.elementor-drop-cap-view-framed .elementor-drop-cap{color:#69727d;border:3px solid;background-color:transparent}.elementor-widget-text-editor:not(.elementor-drop-cap-view-default) .elementor-drop-cap{margin-top:8px}.elementor-widget-text-editor:not(.elementor-drop-cap-view-default) .elementor-drop-cap-letter{width:1em;height:1em}.elementor-widget-text-editor .elementor-drop-cap{float:left;text-align:center;line-height:1;font-size:50px}.elementor-widget-text-editor .elementor-drop-cap-letter{display:inline-block}<\/style>\t\t\t\t<p><span style=\"font-weight: 400;\">No Anos Finais do Ensino Fundamental (6\u00ba ao 9\u00ba ano), com a consolida\u00e7\u00e3o do processo de alfabetiza\u00e7\u00e3o, os alunos s\u00e3o apresentados a desafios mais complexos relacionados \u00e0s \u00e1reas do conhecimento. Nessa fase, os estudantes desenvolvem autonomia e exercitam habilidades de organiza\u00e7\u00e3o e comunica\u00e7\u00e3o. <\/span><\/p>\t\t\t\t\t\t<\/div>\n\t\t\t\t<\/div>\n\t\t\t\t<\/div>\n\t\t\t\t\t<\/div>\n\t\t\t\t<\/div>\n\t\t<div class=\"elementor-element elementor-element-1f934179 e-flex e-con-boxed e-con e-parent\" data-id=\"1f934179\" data-element_type=\"container\" data-settings=\"{&quot;content_width&quot;:&quot;boxed&quot;}\" data-core-v316-plus=\"true\">\n\t\t\t\t\t<div class=\"e-con-inner\">\n\t\t\t\t<div class=\"elementor-element elementor-element-3f7915e4 elementor-widget elementor-widget-spacer\" data-id=\"3f7915e4\" data-element_type=\"widget\" data-widget_type=\"spacer.default\">\n\t\t\t\t<div class=\"elementor-widget-container\">\n\t\t\t\t\t<div class=\"elementor-spacer\">\n\t\t\t<div class=\"elementor-spacer-inner\"><\/div>\n\t\t<\/div>\n\t\t\t\t<\/div>\n\t\t\t\t<\/div>\n\t\t\t\t\t<\/div>\n\t\t\t\t<\/div>\n\t\t\t\t\t\t\t<\/div>\n\t\t","protected":false},"excerpt":{"rendered":"<p>ENSINO FUNDAMENTAL ANOS FINAIS No Anos Finais do Ensino Fundamental (6\u00ba ao 9\u00ba ano), com a consolida\u00e7\u00e3o do processo de alfabetiza\u00e7\u00e3o, os alunos s\u00e3o apresentados a desafios mais complexos relacionados \u00e0s \u00e1reas do conhecimento. Nessa fase, os estudantes desenvolvem autonomia e exercitam habilidades de organiza\u00e7\u00e3o e comunica\u00e7\u00e3o.<\/p>\n","protected":false},"author":1,"featured_media":0,"parent":0,"menu_order":0,"comment_status":"closed","ping_status":"closed","template":"elementor_header_footer","meta":{"footnotes":""},"folder":[],"class_list":["post-2149","page","type-page","status-publish","hentry"],"yoast_head":"<!-- This site is optimized with the Yoast SEO plugin v27.6 - https:\/\/yoast.com\/product\/yoast-seo-wordpress\/ -->\n<title>ANOS FINAIS - COL\u00c9GIO JMJ PALMEIRAS DAS MISS\u00d5ES<\/title>\n<meta name=\"robots\" content=\"index, follow, max-snippet:-1, max-image-preview:large, max-video-preview:-1\" \/>\n<link rel=\"canonical\" href=\"https:\/\/colegiojesusmariajose.org.br\/pm\/anos-finais\/\" \/>\n<meta property=\"og:locale\" content=\"pt_BR\" \/>\n<meta property=\"og:type\" content=\"article\" \/>\n<meta property=\"og:title\" content=\"ANOS FINAIS - COL\u00c9GIO JMJ PALMEIRAS DAS MISS\u00d5ES\" \/>\n<meta property=\"og:description\" content=\"ENSINO FUNDAMENTAL ANOS FINAIS No Anos Finais do Ensino Fundamental (6\u00ba ao 9\u00ba ano), com a consolida\u00e7\u00e3o do processo de alfabetiza\u00e7\u00e3o, os alunos s\u00e3o apresentados a desafios mais complexos relacionados \u00e0s \u00e1reas do conhecimento. Nessa fase, os estudantes desenvolvem autonomia e exercitam habilidades de organiza\u00e7\u00e3o e comunica\u00e7\u00e3o.\" \/>\n<meta property=\"og:url\" content=\"https:\/\/colegiojesusmariajose.org.br\/pm\/anos-finais\/\" \/>\n<meta property=\"og:site_name\" content=\"COL\u00c9GIO JMJ PALMEIRAS DAS MISS\u00d5ES\" \/>\n<meta property=\"article:modified_time\" content=\"2024-05-17T19:36:22+00:00\" \/>\n<meta property=\"og:image\" content=\"https:\/\/colegiojesusmariajose.org.br\/pm\/wp-content\/uploads\/elementor\/thumbs\/ANOS-FINAIS-qob3xtkzzuaeq3l9opg4if97a4wxpiayvonxxbx3ug.jpg\" \/>\n<meta name=\"twitter:card\" content=\"summary_large_image\" \/>\n<script type=\"application\/ld+json\" class=\"yoast-schema-graph\">{\"@context\":\"https:\\\/\\\/schema.org\",\"@graph\":[{\"@type\":\"WebPage\",\"@id\":\"https:\\\/\\\/colegiojesusmariajose.org.br\\\/pm\\\/anos-finais\\\/\",\"url\":\"https:\\\/\\\/colegiojesusmariajose.org.br\\\/pm\\\/anos-finais\\\/\",\"name\":\"ANOS FINAIS - COL\u00c9GIO JMJ PALMEIRAS DAS MISS\u00d5ES\",\"isPartOf\":{\"@id\":\"https:\\\/\\\/colegiojesusmariajose.org.br\\\/pm\\\/#website\"},\"primaryImageOfPage\":{\"@id\":\"https:\\\/\\\/colegiojesusmariajose.org.br\\\/pm\\\/anos-finais\\\/#primaryimage\"},\"image\":{\"@id\":\"https:\\\/\\\/colegiojesusmariajose.org.br\\\/pm\\\/anos-finais\\\/#primaryimage\"},\"thumbnailUrl\":\"https:\\\/\\\/colegiojesusmariajose.org.br\\\/pm\\\/wp-content\\\/uploads\\\/elementor\\\/thumbs\\\/ANOS-FINAIS-qob3xtkzzuaeq3l9opg4if97a4wxpiayvonxxbx3ug.jpg\",\"datePublished\":\"2023-08-22T14:54:43+00:00\",\"dateModified\":\"2024-05-17T19:36:22+00:00\",\"breadcrumb\":{\"@id\":\"https:\\\/\\\/colegiojesusmariajose.org.br\\\/pm\\\/anos-finais\\\/#breadcrumb\"},\"inLanguage\":\"pt-BR\",\"potentialAction\":[{\"@type\":\"ReadAction\",\"target\":[\"https:\\\/\\\/colegiojesusmariajose.org.br\\\/pm\\\/anos-finais\\\/\"]}]},{\"@type\":\"ImageObject\",\"inLanguage\":\"pt-BR\",\"@id\":\"https:\\\/\\\/colegiojesusmariajose.org.br\\\/pm\\\/anos-finais\\\/#primaryimage\",\"url\":\"https:\\\/\\\/colegiojesusmariajose.org.br\\\/pm\\\/wp-content\\\/uploads\\\/elementor\\\/thumbs\\\/ANOS-FINAIS-qob3xtkzzuaeq3l9opg4if97a4wxpiayvonxxbx3ug.jpg\",\"contentUrl\":\"https:\\\/\\\/colegiojesusmariajose.org.br\\\/pm\\\/wp-content\\\/uploads\\\/elementor\\\/thumbs\\\/ANOS-FINAIS-qob3xtkzzuaeq3l9opg4if97a4wxpiayvonxxbx3ug.jpg\"},{\"@type\":\"BreadcrumbList\",\"@id\":\"https:\\\/\\\/colegiojesusmariajose.org.br\\\/pm\\\/anos-finais\\\/#breadcrumb\",\"itemListElement\":[{\"@type\":\"ListItem\",\"position\":1,\"name\":\"In\u00edcio\",\"item\":\"https:\\\/\\\/colegiojesusmariajose.org.br\\\/pm\\\/\"},{\"@type\":\"ListItem\",\"position\":2,\"name\":\"ANOS FINAIS\"}]},{\"@type\":\"WebSite\",\"@id\":\"https:\\\/\\\/colegiojesusmariajose.org.br\\\/pm\\\/#website\",\"url\":\"https:\\\/\\\/colegiojesusmariajose.org.br\\\/pm\\\/\",\"name\":\"COL\u00c9GIO JMJ PALMEIRAS DAS MISS\u00d5ES\",\"description\":\"\",\"publisher\":{\"@id\":\"https:\\\/\\\/colegiojesusmariajose.org.br\\\/pm\\\/#organization\"},\"potentialAction\":[{\"@type\":\"SearchAction\",\"target\":{\"@type\":\"EntryPoint\",\"urlTemplate\":\"https:\\\/\\\/colegiojesusmariajose.org.br\\\/pm\\\/?s={search_term_string}\"},\"query-input\":{\"@type\":\"PropertyValueSpecification\",\"valueRequired\":true,\"valueName\":\"search_term_string\"}}],\"inLanguage\":\"pt-BR\"},{\"@type\":\"Organization\",\"@id\":\"https:\\\/\\\/colegiojesusmariajose.org.br\\\/pm\\\/#organization\",\"name\":\"COL\u00c9GIO JMJ PALMEIRAS DAS MISS\u00d5ES\",\"url\":\"https:\\\/\\\/colegiojesusmariajose.org.br\\\/pm\\\/\",\"logo\":{\"@type\":\"ImageObject\",\"inLanguage\":\"pt-BR\",\"@id\":\"https:\\\/\\\/colegiojesusmariajose.org.br\\\/pm\\\/#\\\/schema\\\/logo\\\/image\\\/\",\"url\":\"https:\\\/\\\/colegiojesusmariajose.org.br\\\/pm\\\/wp-content\\\/uploads\\\/2023\\\/07\\\/lg-az-hotizont-2.png\",\"contentUrl\":\"https:\\\/\\\/colegiojesusmariajose.org.br\\\/pm\\\/wp-content\\\/uploads\\\/2023\\\/07\\\/lg-az-hotizont-2.png\",\"width\":1396,\"height\":284,\"caption\":\"COL\u00c9GIO JMJ PALMEIRAS DAS MISS\u00d5ES\"},\"image\":{\"@id\":\"https:\\\/\\\/colegiojesusmariajose.org.br\\\/pm\\\/#\\\/schema\\\/logo\\\/image\\\/\"}}]}<\/script>\n<!-- \/ Yoast SEO plugin. -->","yoast_head_json":{"title":"ANOS FINAIS - COL\u00c9GIO JMJ PALMEIRAS DAS MISS\u00d5ES","robots":{"index":"index","follow":"follow","max-snippet":"max-snippet:-1","max-image-preview":"max-image-preview:large","max-video-preview":"max-video-preview:-1"},"canonical":"https:\/\/colegiojesusmariajose.org.br\/pm\/anos-finais\/","og_locale":"pt_BR","og_type":"article","og_title":"ANOS FINAIS - COL\u00c9GIO JMJ PALMEIRAS DAS MISS\u00d5ES","og_description":"ENSINO FUNDAMENTAL ANOS FINAIS No Anos Finais do Ensino Fundamental (6\u00ba ao 9\u00ba ano), com a consolida\u00e7\u00e3o do processo de alfabetiza\u00e7\u00e3o, os alunos s\u00e3o apresentados a desafios mais complexos relacionados \u00e0s \u00e1reas do conhecimento. Nessa fase, os estudantes desenvolvem autonomia e exercitam habilidades de organiza\u00e7\u00e3o e comunica\u00e7\u00e3o.","og_url":"https:\/\/colegiojesusmariajose.org.br\/pm\/anos-finais\/","og_site_name":"COL\u00c9GIO JMJ PALMEIRAS DAS MISS\u00d5ES","article_modified_time":"2024-05-17T19:36:22+00:00","og_image":[{"url":"https:\/\/colegiojesusmariajose.org.br\/pm\/wp-content\/uploads\/elementor\/thumbs\/ANOS-FINAIS-qob3xtkzzuaeq3l9opg4if97a4wxpiayvonxxbx3ug.jpg","type":"","width":"","height":""}],"twitter_card":"summary_large_image","schema":{"@context":"https:\/\/schema.org","@graph":[{"@type":"WebPage","@id":"https:\/\/colegiojesusmariajose.org.br\/pm\/anos-finais\/","url":"https:\/\/colegiojesusmariajose.org.br\/pm\/anos-finais\/","name":"ANOS FINAIS - COL\u00c9GIO JMJ PALMEIRAS DAS MISS\u00d5ES","isPartOf":{"@id":"https:\/\/colegiojesusmariajose.org.br\/pm\/#website"},"primaryImageOfPage":{"@id":"https:\/\/colegiojesusmariajose.org.br\/pm\/anos-finais\/#primaryimage"},"image":{"@id":"https:\/\/colegiojesusmariajose.org.br\/pm\/anos-finais\/#primaryimage"},"thumbnailUrl":"https:\/\/colegiojesusmariajose.org.br\/pm\/wp-content\/uploads\/elementor\/thumbs\/ANOS-FINAIS-qob3xtkzzuaeq3l9opg4if97a4wxpiayvonxxbx3ug.jpg","datePublished":"2023-08-22T14:54:43+00:00","dateModified":"2024-05-17T19:36:22+00:00","breadcrumb":{"@id":"https:\/\/colegiojesusmariajose.org.br\/pm\/anos-finais\/#breadcrumb"},"inLanguage":"pt-BR","potentialAction":[{"@type":"ReadAction","target":["https:\/\/colegiojesusmariajose.org.br\/pm\/anos-finais\/"]}]},{"@type":"ImageObject","inLanguage":"pt-BR","@id":"https:\/\/colegiojesusmariajose.org.br\/pm\/anos-finais\/#primaryimage","url":"https:\/\/colegiojesusmariajose.org.br\/pm\/wp-content\/uploads\/elementor\/thumbs\/ANOS-FINAIS-qob3xtkzzuaeq3l9opg4if97a4wxpiayvonxxbx3ug.jpg","contentUrl":"https:\/\/colegiojesusmariajose.org.br\/pm\/wp-content\/uploads\/elementor\/thumbs\/ANOS-FINAIS-qob3xtkzzuaeq3l9opg4if97a4wxpiayvonxxbx3ug.jpg"},{"@type":"BreadcrumbList","@id":"https:\/\/colegiojesusmariajose.org.br\/pm\/anos-finais\/#breadcrumb","itemListElement":[{"@type":"ListItem","position":1,"name":"In\u00edcio","item":"https:\/\/colegiojesusmariajose.org.br\/pm\/"},{"@type":"ListItem","position":2,"name":"ANOS FINAIS"}]},{"@type":"WebSite","@id":"https:\/\/colegiojesusmariajose.org.br\/pm\/#website","url":"https:\/\/colegiojesusmariajose.org.br\/pm\/","name":"COL\u00c9GIO JMJ PALMEIRAS DAS MISS\u00d5ES","description":"","publisher":{"@id":"https:\/\/colegiojesusmariajose.org.br\/pm\/#organization"},"potentialAction":[{"@type":"SearchAction","target":{"@type":"EntryPoint","urlTemplate":"https:\/\/colegiojesusmariajose.org.br\/pm\/?s={search_term_string}"},"query-input":{"@type":"PropertyValueSpecification","valueRequired":true,"valueName":"search_term_string"}}],"inLanguage":"pt-BR"},{"@type":"Organization","@id":"https:\/\/colegiojesusmariajose.org.br\/pm\/#organization","name":"COL\u00c9GIO JMJ PALMEIRAS DAS MISS\u00d5ES","url":"https:\/\/colegiojesusmariajose.org.br\/pm\/","logo":{"@type":"ImageObject","inLanguage":"pt-BR","@id":"https:\/\/colegiojesusmariajose.org.br\/pm\/#\/schema\/logo\/image\/","url":"https:\/\/colegiojesusmariajose.org.br\/pm\/wp-content\/uploads\/2023\/07\/lg-az-hotizont-2.png","contentUrl":"https:\/\/colegiojesusmariajose.org.br\/pm\/wp-content\/uploads\/2023\/07\/lg-az-hotizont-2.png","width":1396,"height":284,"caption":"COL\u00c9GIO JMJ PALMEIRAS DAS MISS\u00d5ES"},"image":{"@id":"https:\/\/colegiojesusmariajose.org.br\/pm\/#\/schema\/logo\/image\/"}}]}},"_links":{"self":[{"href":"https:\/\/colegiojesusmariajose.org.br\/pm\/wp-json\/wp\/v2\/pages\/2149","targetHints":{"allow":["GET"]}}],"collection":[{"href":"https:\/\/colegiojesusmariajose.org.br\/pm\/wp-json\/wp\/v2\/pages"}],"about":[{"href":"https:\/\/colegiojesusmariajose.org.br\/pm\/wp-json\/wp\/v2\/types\/page"}],"author":[{"embeddable":true,"href":"https:\/\/colegiojesusmariajose.org.br\/pm\/wp-json\/wp\/v2\/users\/1"}],"replies":[{"embeddable":true,"href":"https:\/\/colegiojesusmariajose.org.br\/pm\/wp-json\/wp\/v2\/comments?post=2149"}],"version-history":[{"count":23,"href":"https:\/\/colegiojesusmariajose.org.br\/pm\/wp-json\/wp\/v2\/pages\/2149\/revisions"}],"predecessor-version":[{"id":3951,"href":"https:\/\/colegiojesusmariajose.org.br\/pm\/wp-json\/wp\/v2\/pages\/2149\/revisions\/3951"}],"wp:attachment":[{"href":"https:\/\/colegiojesusmariajose.org.br\/pm\/wp-json\/wp\/v2\/media?parent=2149"}],"wp:term":[{"taxonomy":"folder","embeddable":true,"href":"https:\/\/colegiojesusmariajose.org.br\/pm\/wp-json\/wp\/v2\/folder?post=2149"}],"curies":[{"name":"wp","href":"https:\/\/api.w.org\/{rel}","templated":true}]}}