{"id":2128,"date":"2023-08-22T11:40:47","date_gmt":"2023-08-22T14:40:47","guid":{"rendered":"https:\/\/colegiojesusmariajose.org.br\/pm\/?page_id=2128"},"modified":"2024-05-17T16:34:12","modified_gmt":"2024-05-17T19:34:12","slug":"educacao-infantil","status":"publish","type":"page","link":"https:\/\/colegiojesusmariajose.org.br\/pm\/educacao-infantil\/","title":{"rendered":"EDUCA\u00c7\u00c3O INFANTIL"},"content":{"rendered":"\t\t<div data-elementor-type=\"wp-page\" data-elementor-id=\"2128\" class=\"elementor elementor-2128\">\n\t\t\t\t\t\t\t<div class=\"elementor-element elementor-element-6e7982b0 e-flex e-con-boxed e-con e-parent\" data-id=\"6e7982b0\" data-element_type=\"container\" data-settings=\"{&quot;background_background&quot;:&quot;classic&quot;,&quot;content_width&quot;:&quot;boxed&quot;}\" data-core-v316-plus=\"true\">\n\t\t\t\t\t<div class=\"e-con-inner\">\n\t\t<div class=\"elementor-element elementor-element-2e445a98 e-flex e-con-boxed e-con e-child\" data-id=\"2e445a98\" data-element_type=\"container\" data-settings=\"{&quot;content_width&quot;:&quot;boxed&quot;}\">\n\t\t\t\t\t<div class=\"e-con-inner\">\n\t\t\t\t<div class=\"elementor-element elementor-element-3da6eb2e elementor-widget elementor-widget-heading\" data-id=\"3da6eb2e\" data-element_type=\"widget\" data-widget_type=\"heading.default\">\n\t\t\t\t<div class=\"elementor-widget-container\">\n\t\t\t<style>\/*! elementor - v3.18.0 - 08-12-2023 *\/\n.elementor-heading-title{padding:0;margin:0;line-height:1}.elementor-widget-heading .elementor-heading-title[class*=elementor-size-]>a{color:inherit;font-size:inherit;line-height:inherit}.elementor-widget-heading .elementor-heading-title.elementor-size-small{font-size:15px}.elementor-widget-heading .elementor-heading-title.elementor-size-medium{font-size:19px}.elementor-widget-heading .elementor-heading-title.elementor-size-large{font-size:29px}.elementor-widget-heading .elementor-heading-title.elementor-size-xl{font-size:39px}.elementor-widget-heading .elementor-heading-title.elementor-size-xxl{font-size:59px}<\/style><h2 class=\"elementor-heading-title elementor-size-default\">EDUCA\u00c7\u00c3O INFANTIL<\/h2>\t\t<\/div>\n\t\t\t\t<\/div>\n\t\t\t\t\t<\/div>\n\t\t\t\t<\/div>\n\t\t\t\t\t<\/div>\n\t\t\t\t<\/div>\n\t\t<div class=\"elementor-element elementor-element-7a21340f e-flex e-con-boxed e-con e-parent\" data-id=\"7a21340f\" data-element_type=\"container\" data-settings=\"{&quot;content_width&quot;:&quot;boxed&quot;}\" data-core-v316-plus=\"true\">\n\t\t\t\t\t<div class=\"e-con-inner\">\n\t\t\t\t<div class=\"elementor-element elementor-element-cce8e53 elementor-widget elementor-widget-spacer\" data-id=\"cce8e53\" data-element_type=\"widget\" data-widget_type=\"spacer.default\">\n\t\t\t\t<div class=\"elementor-widget-container\">\n\t\t\t<style>\/*! elementor - v3.18.0 - 08-12-2023 *\/\n.elementor-column .elementor-spacer-inner{height:var(--spacer-size)}.e-con{--container-widget-width:100%}.e-con-inner>.elementor-widget-spacer,.e-con>.elementor-widget-spacer{width:var(--container-widget-width,var(--spacer-size));--align-self:var(--container-widget-align-self,initial);--flex-shrink:0}.e-con-inner>.elementor-widget-spacer>.elementor-widget-container,.e-con>.elementor-widget-spacer>.elementor-widget-container{height:100%;width:100%}.e-con-inner>.elementor-widget-spacer>.elementor-widget-container>.elementor-spacer,.e-con>.elementor-widget-spacer>.elementor-widget-container>.elementor-spacer{height:100%}.e-con-inner>.elementor-widget-spacer>.elementor-widget-container>.elementor-spacer>.elementor-spacer-inner,.e-con>.elementor-widget-spacer>.elementor-widget-container>.elementor-spacer>.elementor-spacer-inner{height:var(--container-widget-height,var(--spacer-size))}.e-con-inner>.elementor-widget-spacer.elementor-widget-empty,.e-con>.elementor-widget-spacer.elementor-widget-empty{position:relative;min-height:22px;min-width:22px}.e-con-inner>.elementor-widget-spacer.elementor-widget-empty .elementor-widget-empty-icon,.e-con>.elementor-widget-spacer.elementor-widget-empty .elementor-widget-empty-icon{position:absolute;top:0;bottom:0;left:0;right:0;margin:auto;padding:0;width:22px;height:22px}<\/style>\t\t<div class=\"elementor-spacer\">\n\t\t\t<div class=\"elementor-spacer-inner\"><\/div>\n\t\t<\/div>\n\t\t\t\t<\/div>\n\t\t\t\t<\/div>\n\t\t\t\t\t<\/div>\n\t\t\t\t<\/div>\n\t\t<div class=\"elementor-element elementor-element-745c5678 animated-slow e-flex e-con-boxed elementor-invisible e-con e-parent\" data-id=\"745c5678\" data-element_type=\"container\" data-settings=\"{&quot;animation&quot;:&quot;fadeInUp&quot;,&quot;content_width&quot;:&quot;boxed&quot;}\" data-core-v316-plus=\"true\">\n\t\t\t\t\t<div class=\"e-con-inner\">\n\t\t<div class=\"elementor-element elementor-element-1060e086 e-con-full e-flex e-con e-child\" data-id=\"1060e086\" data-element_type=\"container\" data-settings=\"{&quot;content_width&quot;:&quot;full&quot;}\">\n\t\t\t\t<div class=\"elementor-element elementor-element-22d5ad8e elementor-widget elementor-widget-image\" data-id=\"22d5ad8e\" data-element_type=\"widget\" data-widget_type=\"image.default\">\n\t\t\t\t<div class=\"elementor-widget-container\">\n\t\t\t<style>\/*! elementor - v3.18.0 - 08-12-2023 *\/\n.elementor-widget-image{text-align:center}.elementor-widget-image a{display:inline-block}.elementor-widget-image a img[src$=\".svg\"]{width:48px}.elementor-widget-image img{vertical-align:middle;display:inline-block}<\/style>\t\t\t\t\t\t\t\t\t\t\t\t<img decoding=\"async\" src=\"https:\/\/colegiojesusmariajose.org.br\/pm\/wp-content\/uploads\/elementor\/thumbs\/EDUCACAO-INFANTIL-qob3uk369jtkeubxqsnrcqwl0z01zccirj48xqrbg8.jpg\" title=\"EDUCACAO INFANTIL\" alt=\"EDUCACAO INFANTIL\" loading=\"lazy\" \/>\t\t\t\t\t\t\t\t\t\t\t\t\t\t\t<\/div>\n\t\t\t\t<\/div>\n\t\t\t\t<\/div>\n\t\t<div class=\"elementor-element elementor-element-781d4d8b e-con-full e-flex e-con e-child\" data-id=\"781d4d8b\" data-element_type=\"container\" data-settings=\"{&quot;content_width&quot;:&quot;full&quot;}\">\n\t\t\t\t<div class=\"elementor-element elementor-element-74cc77c1 elementor-widget elementor-widget-heading\" data-id=\"74cc77c1\" data-element_type=\"widget\" data-widget_type=\"heading.default\">\n\t\t\t\t<div class=\"elementor-widget-container\">\n\t\t\t<h2 class=\"elementor-heading-title elementor-size-default\">O IN\u00cdCIO DA CAMINHADA...<\/h2>\t\t<\/div>\n\t\t\t\t<\/div>\n\t\t\t\t<div class=\"elementor-element elementor-element-1f956e2f elementor-widget elementor-widget-text-editor\" data-id=\"1f956e2f\" data-element_type=\"widget\" data-widget_type=\"text-editor.default\">\n\t\t\t\t<div class=\"elementor-widget-container\">\n\t\t\t<style>\/*! elementor - v3.18.0 - 08-12-2023 *\/\n.elementor-widget-text-editor.elementor-drop-cap-view-stacked .elementor-drop-cap{background-color:#69727d;color:#fff}.elementor-widget-text-editor.elementor-drop-cap-view-framed .elementor-drop-cap{color:#69727d;border:3px solid;background-color:transparent}.elementor-widget-text-editor:not(.elementor-drop-cap-view-default) .elementor-drop-cap{margin-top:8px}.elementor-widget-text-editor:not(.elementor-drop-cap-view-default) .elementor-drop-cap-letter{width:1em;height:1em}.elementor-widget-text-editor .elementor-drop-cap{float:left;text-align:center;line-height:1;font-size:50px}.elementor-widget-text-editor .elementor-drop-cap-letter{display:inline-block}<\/style>\t\t\t\t<p><span style=\"font-weight: 400;\">A Educa\u00e7\u00e3o Infantil constitui um processo distinto de trabalho e a proposta pedag\u00f3gica \u00e9 estabelecida segundo os eixos de Identidade e Autonomia, Linguagem Oral e Escrita, Matem\u00e1tica, Natureza e Sociedade, Movimento, Artes Visuais e M\u00fasica. Esses eixos s\u00e3o explorados em atividades individuais e coletivas estruturadas pelo professor regente, em uma concep\u00e7\u00e3o que envolve o cuidar e o educar por meio de um processo l\u00fadico e significativo. Al\u00e9m desses eixos, realiza-se tamb\u00e9m um trabalho com Ensino Religioso, concebido como uma \u00e1rea de conhecimento.<\/span><\/p>\t\t\t\t\t\t<\/div>\n\t\t\t\t<\/div>\n\t\t\t\t<\/div>\n\t\t\t\t\t<\/div>\n\t\t\t\t<\/div>\n\t\t<div class=\"elementor-element elementor-element-45442595 e-flex e-con-boxed e-con e-parent\" data-id=\"45442595\" data-element_type=\"container\" data-settings=\"{&quot;content_width&quot;:&quot;boxed&quot;}\" data-core-v316-plus=\"true\">\n\t\t\t\t\t<div class=\"e-con-inner\">\n\t\t\t\t<div class=\"elementor-element elementor-element-47a8a479 elementor-widget elementor-widget-spacer\" data-id=\"47a8a479\" data-element_type=\"widget\" data-widget_type=\"spacer.default\">\n\t\t\t\t<div class=\"elementor-widget-container\">\n\t\t\t\t\t<div class=\"elementor-spacer\">\n\t\t\t<div class=\"elementor-spacer-inner\"><\/div>\n\t\t<\/div>\n\t\t\t\t<\/div>\n\t\t\t\t<\/div>\n\t\t\t\t\t<\/div>\n\t\t\t\t<\/div>\n\t\t\t\t\t\t\t<\/div>\n\t\t","protected":false},"excerpt":{"rendered":"<p>EDUCA\u00c7\u00c3O INFANTIL O IN\u00cdCIO DA CAMINHADA&#8230; A Educa\u00e7\u00e3o Infantil constitui um processo distinto de trabalho e a proposta pedag\u00f3gica \u00e9 estabelecida segundo os eixos de Identidade e Autonomia, Linguagem Oral e Escrita, Matem\u00e1tica, Natureza e Sociedade, Movimento, Artes Visuais e M\u00fasica. Esses eixos s\u00e3o explorados em atividades individuais e coletivas estruturadas pelo professor regente, em [&hellip;]<\/p>\n","protected":false},"author":1,"featured_media":0,"parent":0,"menu_order":0,"comment_status":"closed","ping_status":"closed","template":"elementor_header_footer","meta":{"footnotes":""},"folder":[],"class_list":["post-2128","page","type-page","status-publish","hentry"],"yoast_head":"<!-- This site is optimized with the Yoast SEO plugin v27.6 - https:\/\/yoast.com\/product\/yoast-seo-wordpress\/ -->\n<title>EDUCA\u00c7\u00c3O INFANTIL - COL\u00c9GIO JMJ PALMEIRAS DAS MISS\u00d5ES<\/title>\n<meta name=\"robots\" content=\"index, follow, max-snippet:-1, max-image-preview:large, max-video-preview:-1\" \/>\n<link rel=\"canonical\" href=\"https:\/\/colegiojesusmariajose.org.br\/pm\/educacao-infantil\/\" \/>\n<meta property=\"og:locale\" content=\"pt_BR\" \/>\n<meta property=\"og:type\" content=\"article\" \/>\n<meta property=\"og:title\" content=\"EDUCA\u00c7\u00c3O INFANTIL - COL\u00c9GIO JMJ PALMEIRAS DAS MISS\u00d5ES\" \/>\n<meta property=\"og:description\" content=\"EDUCA\u00c7\u00c3O INFANTIL O IN\u00cdCIO DA CAMINHADA&#8230; A Educa\u00e7\u00e3o Infantil constitui um processo distinto de trabalho e a proposta pedag\u00f3gica \u00e9 estabelecida segundo os eixos de Identidade e Autonomia, Linguagem Oral e Escrita, Matem\u00e1tica, Natureza e Sociedade, Movimento, Artes Visuais e M\u00fasica. Esses eixos s\u00e3o explorados em atividades individuais e coletivas estruturadas pelo professor regente, em [&hellip;]\" \/>\n<meta property=\"og:url\" content=\"https:\/\/colegiojesusmariajose.org.br\/pm\/educacao-infantil\/\" \/>\n<meta property=\"og:site_name\" content=\"COL\u00c9GIO JMJ PALMEIRAS DAS MISS\u00d5ES\" \/>\n<meta property=\"article:modified_time\" content=\"2024-05-17T19:34:12+00:00\" \/>\n<meta property=\"og:image\" content=\"https:\/\/colegiojesusmariajose.org.br\/pm\/wp-content\/uploads\/elementor\/thumbs\/EDUCACAO-INFANTIL-qob3uk369jtkeubxqsnrcqwl0z01zccirj48xqrbg8.jpg\" \/>\n<meta name=\"twitter:card\" content=\"summary_large_image\" \/>\n<script type=\"application\/ld+json\" class=\"yoast-schema-graph\">{\"@context\":\"https:\\\/\\\/schema.org\",\"@graph\":[{\"@type\":\"WebPage\",\"@id\":\"https:\\\/\\\/colegiojesusmariajose.org.br\\\/pm\\\/educacao-infantil\\\/\",\"url\":\"https:\\\/\\\/colegiojesusmariajose.org.br\\\/pm\\\/educacao-infantil\\\/\",\"name\":\"EDUCA\u00c7\u00c3O INFANTIL - COL\u00c9GIO JMJ PALMEIRAS DAS MISS\u00d5ES\",\"isPartOf\":{\"@id\":\"https:\\\/\\\/colegiojesusmariajose.org.br\\\/pm\\\/#website\"},\"primaryImageOfPage\":{\"@id\":\"https:\\\/\\\/colegiojesusmariajose.org.br\\\/pm\\\/educacao-infantil\\\/#primaryimage\"},\"image\":{\"@id\":\"https:\\\/\\\/colegiojesusmariajose.org.br\\\/pm\\\/educacao-infantil\\\/#primaryimage\"},\"thumbnailUrl\":\"https:\\\/\\\/colegiojesusmariajose.org.br\\\/pm\\\/wp-content\\\/uploads\\\/elementor\\\/thumbs\\\/EDUCACAO-INFANTIL-qob3uk369jtkeubxqsnrcqwl0z01zccirj48xqrbg8.jpg\",\"datePublished\":\"2023-08-22T14:40:47+00:00\",\"dateModified\":\"2024-05-17T19:34:12+00:00\",\"breadcrumb\":{\"@id\":\"https:\\\/\\\/colegiojesusmariajose.org.br\\\/pm\\\/educacao-infantil\\\/#breadcrumb\"},\"inLanguage\":\"pt-BR\",\"potentialAction\":[{\"@type\":\"ReadAction\",\"target\":[\"https:\\\/\\\/colegiojesusmariajose.org.br\\\/pm\\\/educacao-infantil\\\/\"]}]},{\"@type\":\"ImageObject\",\"inLanguage\":\"pt-BR\",\"@id\":\"https:\\\/\\\/colegiojesusmariajose.org.br\\\/pm\\\/educacao-infantil\\\/#primaryimage\",\"url\":\"https:\\\/\\\/colegiojesusmariajose.org.br\\\/pm\\\/wp-content\\\/uploads\\\/elementor\\\/thumbs\\\/EDUCACAO-INFANTIL-qob3uk369jtkeubxqsnrcqwl0z01zccirj48xqrbg8.jpg\",\"contentUrl\":\"https:\\\/\\\/colegiojesusmariajose.org.br\\\/pm\\\/wp-content\\\/uploads\\\/elementor\\\/thumbs\\\/EDUCACAO-INFANTIL-qob3uk369jtkeubxqsnrcqwl0z01zccirj48xqrbg8.jpg\"},{\"@type\":\"BreadcrumbList\",\"@id\":\"https:\\\/\\\/colegiojesusmariajose.org.br\\\/pm\\\/educacao-infantil\\\/#breadcrumb\",\"itemListElement\":[{\"@type\":\"ListItem\",\"position\":1,\"name\":\"In\u00edcio\",\"item\":\"https:\\\/\\\/colegiojesusmariajose.org.br\\\/pm\\\/\"},{\"@type\":\"ListItem\",\"position\":2,\"name\":\"EDUCA\u00c7\u00c3O INFANTIL\"}]},{\"@type\":\"WebSite\",\"@id\":\"https:\\\/\\\/colegiojesusmariajose.org.br\\\/pm\\\/#website\",\"url\":\"https:\\\/\\\/colegiojesusmariajose.org.br\\\/pm\\\/\",\"name\":\"COL\u00c9GIO JMJ PALMEIRAS DAS MISS\u00d5ES\",\"description\":\"\",\"publisher\":{\"@id\":\"https:\\\/\\\/colegiojesusmariajose.org.br\\\/pm\\\/#organization\"},\"potentialAction\":[{\"@type\":\"SearchAction\",\"target\":{\"@type\":\"EntryPoint\",\"urlTemplate\":\"https:\\\/\\\/colegiojesusmariajose.org.br\\\/pm\\\/?s={search_term_string}\"},\"query-input\":{\"@type\":\"PropertyValueSpecification\",\"valueRequired\":true,\"valueName\":\"search_term_string\"}}],\"inLanguage\":\"pt-BR\"},{\"@type\":\"Organization\",\"@id\":\"https:\\\/\\\/colegiojesusmariajose.org.br\\\/pm\\\/#organization\",\"name\":\"COL\u00c9GIO JMJ PALMEIRAS DAS MISS\u00d5ES\",\"url\":\"https:\\\/\\\/colegiojesusmariajose.org.br\\\/pm\\\/\",\"logo\":{\"@type\":\"ImageObject\",\"inLanguage\":\"pt-BR\",\"@id\":\"https:\\\/\\\/colegiojesusmariajose.org.br\\\/pm\\\/#\\\/schema\\\/logo\\\/image\\\/\",\"url\":\"https:\\\/\\\/colegiojesusmariajose.org.br\\\/pm\\\/wp-content\\\/uploads\\\/2023\\\/07\\\/lg-az-hotizont-2.png\",\"contentUrl\":\"https:\\\/\\\/colegiojesusmariajose.org.br\\\/pm\\\/wp-content\\\/uploads\\\/2023\\\/07\\\/lg-az-hotizont-2.png\",\"width\":1396,\"height\":284,\"caption\":\"COL\u00c9GIO JMJ PALMEIRAS DAS MISS\u00d5ES\"},\"image\":{\"@id\":\"https:\\\/\\\/colegiojesusmariajose.org.br\\\/pm\\\/#\\\/schema\\\/logo\\\/image\\\/\"}}]}<\/script>\n<!-- \/ Yoast SEO plugin. -->","yoast_head_json":{"title":"EDUCA\u00c7\u00c3O INFANTIL - COL\u00c9GIO JMJ PALMEIRAS DAS MISS\u00d5ES","robots":{"index":"index","follow":"follow","max-snippet":"max-snippet:-1","max-image-preview":"max-image-preview:large","max-video-preview":"max-video-preview:-1"},"canonical":"https:\/\/colegiojesusmariajose.org.br\/pm\/educacao-infantil\/","og_locale":"pt_BR","og_type":"article","og_title":"EDUCA\u00c7\u00c3O INFANTIL - COL\u00c9GIO JMJ PALMEIRAS DAS MISS\u00d5ES","og_description":"EDUCA\u00c7\u00c3O INFANTIL O IN\u00cdCIO DA CAMINHADA&#8230; A Educa\u00e7\u00e3o Infantil constitui um processo distinto de trabalho e a proposta pedag\u00f3gica \u00e9 estabelecida segundo os eixos de Identidade e Autonomia, Linguagem Oral e Escrita, Matem\u00e1tica, Natureza e Sociedade, Movimento, Artes Visuais e M\u00fasica. Esses eixos s\u00e3o explorados em atividades individuais e coletivas estruturadas pelo professor regente, em [&hellip;]","og_url":"https:\/\/colegiojesusmariajose.org.br\/pm\/educacao-infantil\/","og_site_name":"COL\u00c9GIO JMJ PALMEIRAS DAS MISS\u00d5ES","article_modified_time":"2024-05-17T19:34:12+00:00","og_image":[{"url":"https:\/\/colegiojesusmariajose.org.br\/pm\/wp-content\/uploads\/elementor\/thumbs\/EDUCACAO-INFANTIL-qob3uk369jtkeubxqsnrcqwl0z01zccirj48xqrbg8.jpg","type":"","width":"","height":""}],"twitter_card":"summary_large_image","schema":{"@context":"https:\/\/schema.org","@graph":[{"@type":"WebPage","@id":"https:\/\/colegiojesusmariajose.org.br\/pm\/educacao-infantil\/","url":"https:\/\/colegiojesusmariajose.org.br\/pm\/educacao-infantil\/","name":"EDUCA\u00c7\u00c3O INFANTIL - COL\u00c9GIO JMJ PALMEIRAS DAS MISS\u00d5ES","isPartOf":{"@id":"https:\/\/colegiojesusmariajose.org.br\/pm\/#website"},"primaryImageOfPage":{"@id":"https:\/\/colegiojesusmariajose.org.br\/pm\/educacao-infantil\/#primaryimage"},"image":{"@id":"https:\/\/colegiojesusmariajose.org.br\/pm\/educacao-infantil\/#primaryimage"},"thumbnailUrl":"https:\/\/colegiojesusmariajose.org.br\/pm\/wp-content\/uploads\/elementor\/thumbs\/EDUCACAO-INFANTIL-qob3uk369jtkeubxqsnrcqwl0z01zccirj48xqrbg8.jpg","datePublished":"2023-08-22T14:40:47+00:00","dateModified":"2024-05-17T19:34:12+00:00","breadcrumb":{"@id":"https:\/\/colegiojesusmariajose.org.br\/pm\/educacao-infantil\/#breadcrumb"},"inLanguage":"pt-BR","potentialAction":[{"@type":"ReadAction","target":["https:\/\/colegiojesusmariajose.org.br\/pm\/educacao-infantil\/"]}]},{"@type":"ImageObject","inLanguage":"pt-BR","@id":"https:\/\/colegiojesusmariajose.org.br\/pm\/educacao-infantil\/#primaryimage","url":"https:\/\/colegiojesusmariajose.org.br\/pm\/wp-content\/uploads\/elementor\/thumbs\/EDUCACAO-INFANTIL-qob3uk369jtkeubxqsnrcqwl0z01zccirj48xqrbg8.jpg","contentUrl":"https:\/\/colegiojesusmariajose.org.br\/pm\/wp-content\/uploads\/elementor\/thumbs\/EDUCACAO-INFANTIL-qob3uk369jtkeubxqsnrcqwl0z01zccirj48xqrbg8.jpg"},{"@type":"BreadcrumbList","@id":"https:\/\/colegiojesusmariajose.org.br\/pm\/educacao-infantil\/#breadcrumb","itemListElement":[{"@type":"ListItem","position":1,"name":"In\u00edcio","item":"https:\/\/colegiojesusmariajose.org.br\/pm\/"},{"@type":"ListItem","position":2,"name":"EDUCA\u00c7\u00c3O INFANTIL"}]},{"@type":"WebSite","@id":"https:\/\/colegiojesusmariajose.org.br\/pm\/#website","url":"https:\/\/colegiojesusmariajose.org.br\/pm\/","name":"COL\u00c9GIO JMJ PALMEIRAS DAS MISS\u00d5ES","description":"","publisher":{"@id":"https:\/\/colegiojesusmariajose.org.br\/pm\/#organization"},"potentialAction":[{"@type":"SearchAction","target":{"@type":"EntryPoint","urlTemplate":"https:\/\/colegiojesusmariajose.org.br\/pm\/?s={search_term_string}"},"query-input":{"@type":"PropertyValueSpecification","valueRequired":true,"valueName":"search_term_string"}}],"inLanguage":"pt-BR"},{"@type":"Organization","@id":"https:\/\/colegiojesusmariajose.org.br\/pm\/#organization","name":"COL\u00c9GIO JMJ PALMEIRAS DAS MISS\u00d5ES","url":"https:\/\/colegiojesusmariajose.org.br\/pm\/","logo":{"@type":"ImageObject","inLanguage":"pt-BR","@id":"https:\/\/colegiojesusmariajose.org.br\/pm\/#\/schema\/logo\/image\/","url":"https:\/\/colegiojesusmariajose.org.br\/pm\/wp-content\/uploads\/2023\/07\/lg-az-hotizont-2.png","contentUrl":"https:\/\/colegiojesusmariajose.org.br\/pm\/wp-content\/uploads\/2023\/07\/lg-az-hotizont-2.png","width":1396,"height":284,"caption":"COL\u00c9GIO JMJ PALMEIRAS DAS MISS\u00d5ES"},"image":{"@id":"https:\/\/colegiojesusmariajose.org.br\/pm\/#\/schema\/logo\/image\/"}}]}},"_links":{"self":[{"href":"https:\/\/colegiojesusmariajose.org.br\/pm\/wp-json\/wp\/v2\/pages\/2128","targetHints":{"allow":["GET"]}}],"collection":[{"href":"https:\/\/colegiojesusmariajose.org.br\/pm\/wp-json\/wp\/v2\/pages"}],"about":[{"href":"https:\/\/colegiojesusmariajose.org.br\/pm\/wp-json\/wp\/v2\/types\/page"}],"author":[{"embeddable":true,"href":"https:\/\/colegiojesusmariajose.org.br\/pm\/wp-json\/wp\/v2\/users\/1"}],"replies":[{"embeddable":true,"href":"https:\/\/colegiojesusmariajose.org.br\/pm\/wp-json\/wp\/v2\/comments?post=2128"}],"version-history":[{"count":38,"href":"https:\/\/colegiojesusmariajose.org.br\/pm\/wp-json\/wp\/v2\/pages\/2128\/revisions"}],"predecessor-version":[{"id":3943,"href":"https:\/\/colegiojesusmariajose.org.br\/pm\/wp-json\/wp\/v2\/pages\/2128\/revisions\/3943"}],"wp:attachment":[{"href":"https:\/\/colegiojesusmariajose.org.br\/pm\/wp-json\/wp\/v2\/media?parent=2128"}],"wp:term":[{"taxonomy":"folder","embeddable":true,"href":"https:\/\/colegiojesusmariajose.org.br\/pm\/wp-json\/wp\/v2\/folder?post=2128"}],"curies":[{"name":"wp","href":"https:\/\/api.w.org\/{rel}","templated":true}]}}