{"id":870,"date":"2023-08-01T09:06:50","date_gmt":"2023-08-01T12:06:50","guid":{"rendered":"https:\/\/colegiojesusmariajose.org.br\/goiania\/?page_id=870"},"modified":"2024-05-14T15:53:15","modified_gmt":"2024-05-14T18:53:15","slug":"o-colegio","status":"publish","type":"page","link":"https:\/\/colegiojesusmariajose.org.br\/goiania\/o-colegio\/","title":{"rendered":"COL\u00c9GIO"},"content":{"rendered":"\t\t<div data-elementor-type=\"wp-page\" data-elementor-id=\"870\" class=\"elementor elementor-870\" data-elementor-post-type=\"page\">\n\t\t\t\t<div class=\"elementor-element elementor-element-0025260 animated-slow e-flex e-con-boxed elementor-invisible e-con e-parent\" data-id=\"0025260\" data-element_type=\"container\" data-settings=\"{&quot;background_background&quot;:&quot;classic&quot;,&quot;animation&quot;:&quot;fadeIn&quot;}\">\n\t\t\t\t\t<div class=\"e-con-inner\">\n\t\t\t\t<div class=\"elementor-element elementor-element-f4be2b7 elementor-widget elementor-widget-spacer\" data-id=\"f4be2b7\" data-element_type=\"widget\" data-widget_type=\"spacer.default\">\n\t\t\t\t<div class=\"elementor-widget-container\">\n\t\t\t\t\t\t\t<div class=\"elementor-spacer\">\n\t\t\t<div class=\"elementor-spacer-inner\"><\/div>\n\t\t<\/div>\n\t\t\t\t\t\t<\/div>\n\t\t\t\t<\/div>\n\t\t\t\t<div class=\"elementor-element elementor-element-a5993f1 elementor-widget elementor-widget-heading\" data-id=\"a5993f1\" data-element_type=\"widget\" data-widget_type=\"heading.default\">\n\t\t\t\t<div class=\"elementor-widget-container\">\n\t\t\t\t\t<h2 class=\"elementor-heading-title elementor-size-default\">COL\u00c9GIO JESUS MARIA JOS\u00c9<\/h2>\t\t\t\t<\/div>\n\t\t\t\t<\/div>\n\t\t\t\t<div class=\"elementor-element elementor-element-4e5afcf elementor-widget elementor-widget-spacer\" data-id=\"4e5afcf\" data-element_type=\"widget\" data-widget_type=\"spacer.default\">\n\t\t\t\t<div class=\"elementor-widget-container\">\n\t\t\t\t\t\t\t<div class=\"elementor-spacer\">\n\t\t\t<div class=\"elementor-spacer-inner\"><\/div>\n\t\t<\/div>\n\t\t\t\t\t\t<\/div>\n\t\t\t\t<\/div>\n\t\t\t\t\t<\/div>\n\t\t\t\t<\/div>\n\t\t<div class=\"elementor-element elementor-element-fe0c9dc e-flex e-con-boxed e-con e-parent\" data-id=\"fe0c9dc\" data-element_type=\"container\">\n\t\t\t\t\t<div class=\"e-con-inner\">\n\t\t\t\t<div class=\"elementor-element elementor-element-6033e48 elementor-widget elementor-widget-spacer\" data-id=\"6033e48\" data-element_type=\"widget\" data-widget_type=\"spacer.default\">\n\t\t\t\t<div class=\"elementor-widget-container\">\n\t\t\t\t\t\t\t<div class=\"elementor-spacer\">\n\t\t\t<div class=\"elementor-spacer-inner\"><\/div>\n\t\t<\/div>\n\t\t\t\t\t\t<\/div>\n\t\t\t\t<\/div>\n\t\t\t\t\t<\/div>\n\t\t\t\t<\/div>\n\t\t<div class=\"elementor-element elementor-element-74d6054 animated-slow e-flex e-con-boxed elementor-invisible e-con e-parent\" data-id=\"74d6054\" data-element_type=\"container\" data-settings=\"{&quot;animation&quot;:&quot;fadeInUp&quot;}\">\n\t\t\t\t\t<div class=\"e-con-inner\">\n\t\t<div class=\"elementor-element elementor-element-2b447a8 e-con-full e-flex e-con e-child\" data-id=\"2b447a8\" data-element_type=\"container\">\n\t\t\t\t<div class=\"elementor-element elementor-element-07744b1 elementor-widget elementor-widget-image\" data-id=\"07744b1\" data-element_type=\"widget\" data-widget_type=\"image.default\">\n\t\t\t\t<div class=\"elementor-widget-container\">\n\t\t\t\t\t\t\t\t\t\t\t\t\t\t\t<img decoding=\"async\" src=\"https:\/\/colegiojesusmariajose.org.br\/goiania\/wp-content\/uploads\/elementor\/thumbs\/QUEM-SOMOS-GOIANIA-qo5tsi1smvk7u2stjs283te7jkmliquv2htjdpjliw.jpg\" title=\"QUEM SOMOS &#8211; GOIANIA\" alt=\"QUEM SOMOS - GOIANIA\" loading=\"lazy\" \/>\t\t\t\t\t\t\t\t\t\t\t\t\t\t\t<\/div>\n\t\t\t\t<\/div>\n\t\t\t\t<\/div>\n\t\t<div class=\"elementor-element elementor-element-26d9c80 e-con-full e-flex e-con e-child\" data-id=\"26d9c80\" data-element_type=\"container\">\n\t\t\t\t<div class=\"elementor-element elementor-element-4061c6a elementor-widget elementor-widget-heading\" data-id=\"4061c6a\" data-element_type=\"widget\" data-widget_type=\"heading.default\">\n\t\t\t\t<div class=\"elementor-widget-container\">\n\t\t\t\t\t<h2 class=\"elementor-heading-title elementor-size-default\">Quem somos<\/h2>\t\t\t\t<\/div>\n\t\t\t\t<\/div>\n\t\t\t\t<div class=\"elementor-element elementor-element-3fa2275 elementor-widget elementor-widget-text-editor\" data-id=\"3fa2275\" data-element_type=\"widget\" data-widget_type=\"text-editor.default\">\n\t\t\t\t<div class=\"elementor-widget-container\">\n\t\t\t\t\t\t\t\t\t<p><span style=\"font-weight: 400;\">Com mais de 24 anos de hist\u00f3ria em Goi\u00e2nia (GO), o Col\u00e9gio Jesus Maria Jos\u00e9 nasceu a partir dos anseios da comunidade local por uma educa\u00e7\u00e3o de qualidade e pautada nos valores crist\u00e3os. Institui\u00e7\u00e3o reconhecida e respeitada, a tradi\u00e7\u00e3o educativa do CJMJ se expressa em a\u00e7\u00f5es da contemporaneidade e do olhar para o futuro.\u00a0<\/span><\/p><p><span style=\"font-weight: 400;\">Aqui, por meio de um trabalho s\u00e9rio e \u00e9tico, n\u00f3s promovemos uma forma\u00e7\u00e3o de sujeitos competentes, conscientes e comprometidos, capazes de construir, de maneira sistem\u00e1tica e cr\u00edtica, o conhecimento que os conduzir\u00e1 \u00e0 valoriza\u00e7\u00e3o da vida, alicer\u00e7ados nos ideais da Beata Madre Rita Amada de Jesus e no exemplo dos nossos patronos Jesus, Maria e Jos\u00e9.<\/span><\/p>\t\t\t\t\t\t\t\t<\/div>\n\t\t\t\t<\/div>\n\t\t\t\t<\/div>\n\t\t\t\t\t<\/div>\n\t\t\t\t<\/div>\n\t\t<div class=\"elementor-element elementor-element-2357412 e-flex e-con-boxed e-con e-parent\" data-id=\"2357412\" data-element_type=\"container\">\n\t\t\t\t\t<div class=\"e-con-inner\">\n\t\t\t\t<div class=\"elementor-element elementor-element-3f72ba3 elementor-widget elementor-widget-spacer\" data-id=\"3f72ba3\" data-element_type=\"widget\" data-widget_type=\"spacer.default\">\n\t\t\t\t<div class=\"elementor-widget-container\">\n\t\t\t\t\t\t\t<div class=\"elementor-spacer\">\n\t\t\t<div class=\"elementor-spacer-inner\"><\/div>\n\t\t<\/div>\n\t\t\t\t\t\t<\/div>\n\t\t\t\t<\/div>\n\t\t\t\t\t<\/div>\n\t\t\t\t<\/div>\n\t\t<div class=\"elementor-element elementor-element-fb1eeba animated-slow e-flex e-con-boxed elementor-invisible e-con e-parent\" data-id=\"fb1eeba\" data-element_type=\"container\" data-settings=\"{&quot;animation&quot;:&quot;fadeInUp&quot;}\">\n\t\t\t\t\t<div class=\"e-con-inner\">\n\t\t<div class=\"elementor-element elementor-element-dc8a6b6 e-con-full e-flex e-con e-child\" data-id=\"dc8a6b6\" data-element_type=\"container\">\n\t\t\t\t<div class=\"elementor-element elementor-element-fbc9d1b elementor-widget elementor-widget-heading\" data-id=\"fbc9d1b\" data-element_type=\"widget\" data-widget_type=\"heading.default\">\n\t\t\t\t<div class=\"elementor-widget-container\">\n\t\t\t\t\t<h2 class=\"elementor-heading-title elementor-size-default\">Miss\u00e3o\u200b<\/h2>\t\t\t\t<\/div>\n\t\t\t\t<\/div>\n\t\t\t\t<div class=\"elementor-element elementor-element-9a1bb62 elementor-widget elementor-widget-read-more\" data-id=\"9a1bb62\" data-element_type=\"widget\" data-widget_type=\"read-more.default\">\n\t\t\t\t<div class=\"elementor-widget-container\">\n\t\t\t\t\t<\/div><\/div><\/div><\/div><\/div><\/div> <a href=\"https:\/\/colegiojesusmariajose.org.br\/goiania\/o-colegio\/#more-870\" class=\"more-link elementor-more-link\"><span aria-label=\"Continuar lendo COL\u00c9GIO\">Continue lendo<\/span><\/a>","protected":false},"excerpt":{"rendered":"<p>COL\u00c9GIO JESUS MARIA JOS\u00c9 Quem somos Com mais de 24 anos de hist\u00f3ria em Goi\u00e2nia (GO), o Col\u00e9gio Jesus Maria Jos\u00e9 nasceu a partir dos anseios da comunidade local por uma educa\u00e7\u00e3o de qualidade e pautada nos valores crist\u00e3os. Institui\u00e7\u00e3o reconhecida e respeitada, a tradi\u00e7\u00e3o educativa do CJMJ se expressa em a\u00e7\u00f5es da contemporaneidade e [&hellip;]<\/p>\n","protected":false},"author":1,"featured_media":0,"parent":0,"menu_order":0,"comment_status":"closed","ping_status":"closed","template":"elementor_header_footer","meta":{"footnotes":""},"class_list":["post-870","page","type-page","status-publish","hentry"],"_links":{"self":[{"href":"https:\/\/colegiojesusmariajose.org.br\/goiania\/wp-json\/wp\/v2\/pages\/870","targetHints":{"allow":["GET"]}}],"collection":[{"href":"https:\/\/colegiojesusmariajose.org.br\/goiania\/wp-json\/wp\/v2\/pages"}],"about":[{"href":"https:\/\/colegiojesusmariajose.org.br\/goiania\/wp-json\/wp\/v2\/types\/page"}],"author":[{"embeddable":true,"href":"https:\/\/colegiojesusmariajose.org.br\/goiania\/wp-json\/wp\/v2\/users\/1"}],"replies":[{"embeddable":true,"href":"https:\/\/colegiojesusmariajose.org.br\/goiania\/wp-json\/wp\/v2\/comments?post=870"}],"version-history":[{"count":91,"href":"https:\/\/colegiojesusmariajose.org.br\/goiania\/wp-json\/wp\/v2\/pages\/870\/revisions"}],"predecessor-version":[{"id":3839,"href":"https:\/\/colegiojesusmariajose.org.br\/goiania\/wp-json\/wp\/v2\/pages\/870\/revisions\/3839"}],"wp:attachment":[{"href":"https:\/\/colegiojesusmariajose.org.br\/goiania\/wp-json\/wp\/v2\/media?parent=870"}],"curies":[{"name":"wp","href":"https:\/\/api.w.org\/{rel}","templated":true}]}}