{"id":2149,"date":"2023-08-22T11:54:43","date_gmt":"2023-08-22T14:54:43","guid":{"rendered":"https:\/\/colegiojesusmariajose.org.br\/goiania\/?page_id=2149"},"modified":"2024-04-23T11:04:24","modified_gmt":"2024-04-23T14:04:24","slug":"anos-finais","status":"publish","type":"page","link":"https:\/\/colegiojesusmariajose.org.br\/goiania\/anos-finais\/","title":{"rendered":"ANOS FINAIS"},"content":{"rendered":"\t\t<div data-elementor-type=\"wp-page\" data-elementor-id=\"2149\" class=\"elementor elementor-2149\" data-elementor-post-type=\"page\">\n\t\t\t\t<div class=\"elementor-element elementor-element-3434880b e-flex e-con-boxed e-con e-parent\" data-id=\"3434880b\" data-element_type=\"container\" data-settings=\"{&quot;background_background&quot;:&quot;classic&quot;}\">\n\t\t\t\t\t<div class=\"e-con-inner\">\n\t\t<div class=\"elementor-element elementor-element-4b95a03e e-flex e-con-boxed e-con e-child\" data-id=\"4b95a03e\" data-element_type=\"container\">\n\t\t\t\t\t<div class=\"e-con-inner\">\n\t\t\t\t<div class=\"elementor-element elementor-element-6e755048 elementor-widget elementor-widget-heading\" data-id=\"6e755048\" data-element_type=\"widget\" data-widget_type=\"heading.default\">\n\t\t\t\t<div class=\"elementor-widget-container\">\n\t\t\t\t\t<h2 class=\"elementor-heading-title elementor-size-default\">ENSINO FUNDAMENTAL<\/h2>\t\t\t\t<\/div>\n\t\t\t\t<\/div>\n\t\t\t\t\t<\/div>\n\t\t\t\t<\/div>\n\t\t\t\t\t<\/div>\n\t\t\t\t<\/div>\n\t\t<div class=\"elementor-element elementor-element-78a2a9b1 e-flex e-con-boxed e-con e-parent\" data-id=\"78a2a9b1\" data-element_type=\"container\">\n\t\t\t\t\t<div class=\"e-con-inner\">\n\t\t\t\t<div class=\"elementor-element elementor-element-7432e0a7 elementor-widget elementor-widget-spacer\" data-id=\"7432e0a7\" data-element_type=\"widget\" data-widget_type=\"spacer.default\">\n\t\t\t\t<div class=\"elementor-widget-container\">\n\t\t\t\t\t\t\t<div class=\"elementor-spacer\">\n\t\t\t<div class=\"elementor-spacer-inner\"><\/div>\n\t\t<\/div>\n\t\t\t\t\t\t<\/div>\n\t\t\t\t<\/div>\n\t\t\t\t\t<\/div>\n\t\t\t\t<\/div>\n\t\t<div class=\"elementor-element elementor-element-7186a723 animated-slow e-flex e-con-boxed elementor-invisible e-con e-parent\" data-id=\"7186a723\" data-element_type=\"container\" data-settings=\"{&quot;animation&quot;:&quot;fadeInUp&quot;}\">\n\t\t\t\t\t<div class=\"e-con-inner\">\n\t\t<div class=\"elementor-element elementor-element-60dd631 e-con-full e-flex e-con e-child\" data-id=\"60dd631\" data-element_type=\"container\">\n\t\t\t\t<div class=\"elementor-element elementor-element-13ae17d0 elementor-widget elementor-widget-image\" data-id=\"13ae17d0\" data-element_type=\"widget\" data-widget_type=\"image.default\">\n\t\t\t\t<div class=\"elementor-widget-container\">\n\t\t\t\t\t\t\t\t\t\t\t\t\t\t\t<img decoding=\"async\" src=\"https:\/\/colegiojesusmariajose.org.br\/goiania\/wp-content\/uploads\/elementor\/thumbs\/ANOS-FINAIS-2-qn4xjngt23wdmlfxd6lg2qclg5sjbma1v2anta2apk.jpg\" title=\"ANOS FINAIS 2\" alt=\"ANOS FINAIS 2\" loading=\"lazy\" \/>\t\t\t\t\t\t\t\t\t\t\t\t\t\t\t<\/div>\n\t\t\t\t<\/div>\n\t\t\t\t<\/div>\n\t\t<div class=\"elementor-element elementor-element-75fac995 e-con-full e-flex e-con e-child\" data-id=\"75fac995\" data-element_type=\"container\">\n\t\t\t\t<div class=\"elementor-element elementor-element-3d07be83 elementor-widget elementor-widget-heading\" data-id=\"3d07be83\" data-element_type=\"widget\" data-widget_type=\"heading.default\">\n\t\t\t\t<div class=\"elementor-widget-container\">\n\t\t\t\t\t<h2 class=\"elementor-heading-title elementor-size-default\">ANOS FINAIS<\/h2>\t\t\t\t<\/div>\n\t\t\t\t<\/div>\n\t\t\t\t<div class=\"elementor-element elementor-element-43aff1da elementor-widget elementor-widget-text-editor\" data-id=\"43aff1da\" data-element_type=\"widget\" data-widget_type=\"text-editor.default\">\n\t\t\t\t<div class=\"elementor-widget-container\">\n\t\t\t\t\t\t\t\t\t<p><span style=\"font-weight: 400;\">No Anos Finais do Ensino Fundamental (6\u00ba ao 9\u00ba ano), com a consolida\u00e7\u00e3o do processo de alfabetiza\u00e7\u00e3o, os alunos s\u00e3o apresentados a desafios mais complexos relacionados \u00e0s \u00e1reas do conhecimento. Nessa fase, os estudantes desenvolvem autonomia e exercitam habilidades de organiza\u00e7\u00e3o e comunica\u00e7\u00e3o. <\/span><\/p>\t\t\t\t\t\t\t\t<\/div>\n\t\t\t\t<\/div>\n\t\t\t\t<\/div>\n\t\t\t\t\t<\/div>\n\t\t\t\t<\/div>\n\t\t<div class=\"elementor-element elementor-element-1f934179 e-flex e-con-boxed e-con e-parent\" data-id=\"1f934179\" data-element_type=\"container\">\n\t\t\t\t\t<div class=\"e-con-inner\">\n\t\t\t\t<div class=\"elementor-element elementor-element-3f7915e4 elementor-widget elementor-widget-spacer\" data-id=\"3f7915e4\" data-element_type=\"widget\" data-widget_type=\"spacer.default\">\n\t\t\t\t<div class=\"elementor-widget-container\">\n\t\t\t\t\t\t\t<div class=\"elementor-spacer\">\n\t\t\t<div class=\"elementor-spacer-inner\"><\/div>\n\t\t<\/div>\n\t\t\t\t\t\t<\/div>\n\t\t\t\t<\/div>\n\t\t\t\t\t<\/div>\n\t\t\t\t<\/div>\n\t\t\t\t<\/div>\n\t\t","protected":false},"excerpt":{"rendered":"<p>ENSINO FUNDAMENTAL ANOS FINAIS No Anos Finais do Ensino Fundamental (6\u00ba ao 9\u00ba ano), com a consolida\u00e7\u00e3o do processo de alfabetiza\u00e7\u00e3o, os alunos s\u00e3o apresentados a desafios mais complexos relacionados \u00e0s \u00e1reas do conhecimento. Nessa fase, os estudantes desenvolvem autonomia e exercitam habilidades de organiza\u00e7\u00e3o e comunica\u00e7\u00e3o.<\/p>\n","protected":false},"author":1,"featured_media":0,"parent":0,"menu_order":0,"comment_status":"closed","ping_status":"closed","template":"elementor_header_footer","meta":{"footnotes":""},"class_list":["post-2149","page","type-page","status-publish","hentry"],"_links":{"self":[{"href":"https:\/\/colegiojesusmariajose.org.br\/goiania\/wp-json\/wp\/v2\/pages\/2149","targetHints":{"allow":["GET"]}}],"collection":[{"href":"https:\/\/colegiojesusmariajose.org.br\/goiania\/wp-json\/wp\/v2\/pages"}],"about":[{"href":"https:\/\/colegiojesusmariajose.org.br\/goiania\/wp-json\/wp\/v2\/types\/page"}],"author":[{"embeddable":true,"href":"https:\/\/colegiojesusmariajose.org.br\/goiania\/wp-json\/wp\/v2\/users\/1"}],"replies":[{"embeddable":true,"href":"https:\/\/colegiojesusmariajose.org.br\/goiania\/wp-json\/wp\/v2\/comments?post=2149"}],"version-history":[{"count":20,"href":"https:\/\/colegiojesusmariajose.org.br\/goiania\/wp-json\/wp\/v2\/pages\/2149\/revisions"}],"predecessor-version":[{"id":3779,"href":"https:\/\/colegiojesusmariajose.org.br\/goiania\/wp-json\/wp\/v2\/pages\/2149\/revisions\/3779"}],"wp:attachment":[{"href":"https:\/\/colegiojesusmariajose.org.br\/goiania\/wp-json\/wp\/v2\/media?parent=2149"}],"curies":[{"name":"wp","href":"https:\/\/api.w.org\/{rel}","templated":true}]}}