{"id":2137,"date":"2023-08-22T11:45:19","date_gmt":"2023-08-22T14:45:19","guid":{"rendered":"https:\/\/colegiojesusmariajose.org.br\/goiania\/?page_id=2137"},"modified":"2024-04-23T11:02:27","modified_gmt":"2024-04-23T14:02:27","slug":"anos-iniciais","status":"publish","type":"page","link":"https:\/\/colegiojesusmariajose.org.br\/goiania\/anos-iniciais\/","title":{"rendered":"ANOS INICIAIS"},"content":{"rendered":"\t\t<div data-elementor-type=\"wp-page\" data-elementor-id=\"2137\" class=\"elementor elementor-2137\" data-elementor-post-type=\"page\">\n\t\t\t\t<div class=\"elementor-element elementor-element-2c6a30f3 e-flex e-con-boxed e-con e-parent\" data-id=\"2c6a30f3\" data-element_type=\"container\" data-settings=\"{&quot;background_background&quot;:&quot;classic&quot;}\">\n\t\t\t\t\t<div class=\"e-con-inner\">\n\t\t<div class=\"elementor-element elementor-element-706ee48f e-flex e-con-boxed e-con e-child\" data-id=\"706ee48f\" data-element_type=\"container\">\n\t\t\t\t\t<div class=\"e-con-inner\">\n\t\t\t\t<div class=\"elementor-element elementor-element-526e09e6 elementor-widget elementor-widget-heading\" data-id=\"526e09e6\" data-element_type=\"widget\" data-widget_type=\"heading.default\">\n\t\t\t\t<div class=\"elementor-widget-container\">\n\t\t\t\t\t<h2 class=\"elementor-heading-title elementor-size-default\">ENSINO FUNDAMENTAL<\/h2>\t\t\t\t<\/div>\n\t\t\t\t<\/div>\n\t\t\t\t\t<\/div>\n\t\t\t\t<\/div>\n\t\t\t\t\t<\/div>\n\t\t\t\t<\/div>\n\t\t<div class=\"elementor-element elementor-element-78c88d16 e-flex e-con-boxed e-con e-parent\" data-id=\"78c88d16\" data-element_type=\"container\">\n\t\t\t\t\t<div class=\"e-con-inner\">\n\t\t\t\t<div class=\"elementor-element elementor-element-31ec8c84 elementor-widget elementor-widget-spacer\" data-id=\"31ec8c84\" data-element_type=\"widget\" data-widget_type=\"spacer.default\">\n\t\t\t\t<div class=\"elementor-widget-container\">\n\t\t\t\t\t\t\t<div class=\"elementor-spacer\">\n\t\t\t<div class=\"elementor-spacer-inner\"><\/div>\n\t\t<\/div>\n\t\t\t\t\t\t<\/div>\n\t\t\t\t<\/div>\n\t\t\t\t\t<\/div>\n\t\t\t\t<\/div>\n\t\t<div class=\"elementor-element elementor-element-1925654f animated-slow e-flex e-con-boxed elementor-invisible e-con e-parent\" data-id=\"1925654f\" data-element_type=\"container\" data-settings=\"{&quot;animation&quot;:&quot;fadeInUp&quot;}\">\n\t\t\t\t\t<div class=\"e-con-inner\">\n\t\t<div class=\"elementor-element elementor-element-53fee092 e-con-full e-flex e-con e-child\" data-id=\"53fee092\" data-element_type=\"container\">\n\t\t\t\t<div class=\"elementor-element elementor-element-7c01781f elementor-widget elementor-widget-image\" data-id=\"7c01781f\" data-element_type=\"widget\" data-widget_type=\"image.default\">\n\t\t\t\t<div class=\"elementor-widget-container\">\n\t\t\t\t\t\t\t\t\t\t\t\t\t\t\t<img decoding=\"async\" src=\"https:\/\/colegiojesusmariajose.org.br\/goiania\/wp-content\/uploads\/elementor\/thumbs\/ANOS-INICIAIS-2-qn4xfv67j4psv4xwh1ojj6qrbagbbi8z0bp985odrs.jpg\" title=\"ANOS INICIAIS 2\" alt=\"ANOS INICIAIS 2\" loading=\"lazy\" \/>\t\t\t\t\t\t\t\t\t\t\t\t\t\t\t<\/div>\n\t\t\t\t<\/div>\n\t\t\t\t<\/div>\n\t\t<div class=\"elementor-element elementor-element-4ac84b91 e-con-full e-flex e-con e-child\" data-id=\"4ac84b91\" data-element_type=\"container\">\n\t\t\t\t<div class=\"elementor-element elementor-element-785c3d88 elementor-widget elementor-widget-heading\" data-id=\"785c3d88\" data-element_type=\"widget\" data-widget_type=\"heading.default\">\n\t\t\t\t<div class=\"elementor-widget-container\">\n\t\t\t\t\t<h2 class=\"elementor-heading-title elementor-size-default\">ANOS INICIAIS<\/h2>\t\t\t\t<\/div>\n\t\t\t\t<\/div>\n\t\t\t\t<div class=\"elementor-element elementor-element-2d05af11 elementor-widget elementor-widget-text-editor\" data-id=\"2d05af11\" data-element_type=\"widget\" data-widget_type=\"text-editor.default\">\n\t\t\t\t<div class=\"elementor-widget-container\">\n\t\t\t\t\t\t\t\t\t<p><span style=\"font-weight: 400;\">O Ensino Fundamental Anos Iniciais (1\u00ba ao 5\u00ba ano) \u00e9 uma etapa fundamental para o desenvolvimento intelectual das crian\u00e7as. Nessa fase, os alunos participam de atividades l\u00fadicas, projetos e viv\u00eancias que exercitam as dimens\u00f5es motoras, cognitivas e sociais, al\u00e9m disso, \u00e9 nesse per\u00edodo que o processo de alfabetiza\u00e7\u00e3o \u00e9 iniciado.\u00a0<\/span><\/p><p><span style=\"font-weight: 400;\">A proposta pedag\u00f3gica deste n\u00edvel considera a import\u00e2ncia da contextualiza\u00e7\u00e3o e da rela\u00e7\u00e3o entre teoria e pr\u00e1tica. Desse modo, prioriza a integra\u00e7\u00e3o entre as \u00e1reas, relacionando os diversos saberes que comp\u00f5em o conhecimento escolar. Outro aspecto importante \u00e9 a educa\u00e7\u00e3o para o pluralismo como princ\u00edpio ativo de enriquecimento cultural e c\u00edvico.<\/span><\/p>\t\t\t\t\t\t\t\t<\/div>\n\t\t\t\t<\/div>\n\t\t\t\t<\/div>\n\t\t\t\t\t<\/div>\n\t\t\t\t<\/div>\n\t\t<div class=\"elementor-element elementor-element-15d73a0 e-flex e-con-boxed e-con e-parent\" data-id=\"15d73a0\" data-element_type=\"container\">\n\t\t\t\t\t<div class=\"e-con-inner\">\n\t\t\t\t<div class=\"elementor-element elementor-element-5d85b944 elementor-widget elementor-widget-spacer\" data-id=\"5d85b944\" data-element_type=\"widget\" data-widget_type=\"spacer.default\">\n\t\t\t\t<div class=\"elementor-widget-container\">\n\t\t\t\t\t\t\t<div class=\"elementor-spacer\">\n\t\t\t<div class=\"elementor-spacer-inner\"><\/div>\n\t\t<\/div>\n\t\t\t\t\t\t<\/div>\n\t\t\t\t<\/div>\n\t\t\t\t\t<\/div>\n\t\t\t\t<\/div>\n\t\t\t\t<\/div>\n\t\t","protected":false},"excerpt":{"rendered":"<p>ENSINO FUNDAMENTAL ANOS INICIAIS O Ensino Fundamental Anos Iniciais (1\u00ba ao 5\u00ba ano) \u00e9 uma etapa fundamental para o desenvolvimento intelectual das crian\u00e7as. Nessa fase, os alunos participam de atividades l\u00fadicas, projetos e viv\u00eancias que exercitam as dimens\u00f5es motoras, cognitivas e sociais, al\u00e9m disso, \u00e9 nesse per\u00edodo que o processo de alfabetiza\u00e7\u00e3o \u00e9 iniciado.\u00a0 A [&hellip;]<\/p>\n","protected":false},"author":1,"featured_media":0,"parent":0,"menu_order":0,"comment_status":"closed","ping_status":"closed","template":"elementor_header_footer","meta":{"footnotes":""},"class_list":["post-2137","page","type-page","status-publish","hentry"],"_links":{"self":[{"href":"https:\/\/colegiojesusmariajose.org.br\/goiania\/wp-json\/wp\/v2\/pages\/2137","targetHints":{"allow":["GET"]}}],"collection":[{"href":"https:\/\/colegiojesusmariajose.org.br\/goiania\/wp-json\/wp\/v2\/pages"}],"about":[{"href":"https:\/\/colegiojesusmariajose.org.br\/goiania\/wp-json\/wp\/v2\/types\/page"}],"author":[{"embeddable":true,"href":"https:\/\/colegiojesusmariajose.org.br\/goiania\/wp-json\/wp\/v2\/users\/1"}],"replies":[{"embeddable":true,"href":"https:\/\/colegiojesusmariajose.org.br\/goiania\/wp-json\/wp\/v2\/comments?post=2137"}],"version-history":[{"count":44,"href":"https:\/\/colegiojesusmariajose.org.br\/goiania\/wp-json\/wp\/v2\/pages\/2137\/revisions"}],"predecessor-version":[{"id":3775,"href":"https:\/\/colegiojesusmariajose.org.br\/goiania\/wp-json\/wp\/v2\/pages\/2137\/revisions\/3775"}],"wp:attachment":[{"href":"https:\/\/colegiojesusmariajose.org.br\/goiania\/wp-json\/wp\/v2\/media?parent=2137"}],"curies":[{"name":"wp","href":"https:\/\/api.w.org\/{rel}","templated":true}]}}