{"id":2128,"date":"2023-08-22T11:40:47","date_gmt":"2023-08-22T14:40:47","guid":{"rendered":"https:\/\/colegiojesusmariajose.org.br\/goiania\/?page_id=2128"},"modified":"2024-04-23T11:00:14","modified_gmt":"2024-04-23T14:00:14","slug":"educacao-infantil","status":"publish","type":"page","link":"https:\/\/colegiojesusmariajose.org.br\/goiania\/educacao-infantil\/","title":{"rendered":"EDUCA\u00c7\u00c3O INFANTIL"},"content":{"rendered":"\t\t<div data-elementor-type=\"wp-page\" data-elementor-id=\"2128\" class=\"elementor elementor-2128\" data-elementor-post-type=\"page\">\n\t\t\t\t<div class=\"elementor-element elementor-element-6e7982b0 e-flex e-con-boxed e-con e-parent\" data-id=\"6e7982b0\" data-element_type=\"container\" data-settings=\"{&quot;background_background&quot;:&quot;classic&quot;}\">\n\t\t\t\t\t<div class=\"e-con-inner\">\n\t\t<div class=\"elementor-element elementor-element-2e445a98 e-flex e-con-boxed e-con e-child\" data-id=\"2e445a98\" data-element_type=\"container\">\n\t\t\t\t\t<div class=\"e-con-inner\">\n\t\t\t\t<div class=\"elementor-element elementor-element-3da6eb2e elementor-widget elementor-widget-heading\" data-id=\"3da6eb2e\" data-element_type=\"widget\" data-widget_type=\"heading.default\">\n\t\t\t\t<div class=\"elementor-widget-container\">\n\t\t\t\t\t<h2 class=\"elementor-heading-title elementor-size-default\">EDUCA\u00c7\u00c3O INFANTIL<\/h2>\t\t\t\t<\/div>\n\t\t\t\t<\/div>\n\t\t\t\t\t<\/div>\n\t\t\t\t<\/div>\n\t\t\t\t\t<\/div>\n\t\t\t\t<\/div>\n\t\t<div class=\"elementor-element elementor-element-7a21340f e-flex e-con-boxed e-con e-parent\" data-id=\"7a21340f\" data-element_type=\"container\">\n\t\t\t\t\t<div class=\"e-con-inner\">\n\t\t\t\t<div class=\"elementor-element elementor-element-cce8e53 elementor-widget elementor-widget-spacer\" data-id=\"cce8e53\" data-element_type=\"widget\" data-widget_type=\"spacer.default\">\n\t\t\t\t<div class=\"elementor-widget-container\">\n\t\t\t\t\t\t\t<div class=\"elementor-spacer\">\n\t\t\t<div class=\"elementor-spacer-inner\"><\/div>\n\t\t<\/div>\n\t\t\t\t\t\t<\/div>\n\t\t\t\t<\/div>\n\t\t\t\t\t<\/div>\n\t\t\t\t<\/div>\n\t\t<div class=\"elementor-element elementor-element-745c5678 animated-slow e-flex e-con-boxed elementor-invisible e-con e-parent\" data-id=\"745c5678\" data-element_type=\"container\" data-settings=\"{&quot;animation&quot;:&quot;fadeInUp&quot;}\">\n\t\t\t\t\t<div class=\"e-con-inner\">\n\t\t<div class=\"elementor-element elementor-element-1060e086 e-con-full e-flex e-con e-child\" data-id=\"1060e086\" data-element_type=\"container\">\n\t\t\t\t<div class=\"elementor-element elementor-element-22d5ad8e elementor-widget elementor-widget-image\" data-id=\"22d5ad8e\" data-element_type=\"widget\" data-widget_type=\"image.default\">\n\t\t\t\t<div class=\"elementor-widget-container\">\n\t\t\t\t\t\t\t\t\t\t\t\t\t\t\t<img decoding=\"async\" src=\"https:\/\/colegiojesusmariajose.org.br\/goiania\/wp-content\/uploads\/elementor\/thumbs\/INFANTIL-1-qn4xcw0lw0n43l9jurd2mxs7ld4gy0fkllbwim39h4.jpg\" title=\"INFANTIL 1\" alt=\"INFANTIL 1\" loading=\"lazy\" \/>\t\t\t\t\t\t\t\t\t\t\t\t\t\t\t<\/div>\n\t\t\t\t<\/div>\n\t\t\t\t<\/div>\n\t\t<div class=\"elementor-element elementor-element-781d4d8b e-con-full e-flex e-con e-child\" data-id=\"781d4d8b\" data-element_type=\"container\">\n\t\t\t\t<div class=\"elementor-element elementor-element-74cc77c1 elementor-widget elementor-widget-heading\" data-id=\"74cc77c1\" data-element_type=\"widget\" data-widget_type=\"heading.default\">\n\t\t\t\t<div class=\"elementor-widget-container\">\n\t\t\t\t\t<h2 class=\"elementor-heading-title elementor-size-default\">O IN\u00cdCIO DA CAMINHADA...<\/h2>\t\t\t\t<\/div>\n\t\t\t\t<\/div>\n\t\t\t\t<div class=\"elementor-element elementor-element-1f956e2f elementor-widget elementor-widget-text-editor\" data-id=\"1f956e2f\" data-element_type=\"widget\" data-widget_type=\"text-editor.default\">\n\t\t\t\t<div class=\"elementor-widget-container\">\n\t\t\t\t\t\t\t\t\t<p><span style=\"font-weight: 400;\">A Educa\u00e7\u00e3o Infantil constitui um processo distinto de trabalho e a proposta pedag\u00f3gica \u00e9 estabelecida segundo os eixos de Identidade e Autonomia, Linguagem Oral e Escrita, Matem\u00e1tica, Natureza e Sociedade, Movimento, Artes Visuais e M\u00fasica. Esses eixos s\u00e3o explorados em atividades individuais e coletivas estruturadas pelo professor regente, em uma concep\u00e7\u00e3o que envolve o cuidar e o educar por meio de um processo l\u00fadico e significativo. Al\u00e9m desses eixos, realiza-se tamb\u00e9m um trabalho com Ensino Religioso, concebido como uma \u00e1rea de conhecimento.<\/span><\/p>\t\t\t\t\t\t\t\t<\/div>\n\t\t\t\t<\/div>\n\t\t\t\t<\/div>\n\t\t\t\t\t<\/div>\n\t\t\t\t<\/div>\n\t\t<div class=\"elementor-element elementor-element-45442595 e-flex e-con-boxed e-con e-parent\" data-id=\"45442595\" data-element_type=\"container\">\n\t\t\t\t\t<div class=\"e-con-inner\">\n\t\t\t\t<div class=\"elementor-element elementor-element-47a8a479 elementor-widget elementor-widget-spacer\" data-id=\"47a8a479\" data-element_type=\"widget\" data-widget_type=\"spacer.default\">\n\t\t\t\t<div class=\"elementor-widget-container\">\n\t\t\t\t\t\t\t<div class=\"elementor-spacer\">\n\t\t\t<div class=\"elementor-spacer-inner\"><\/div>\n\t\t<\/div>\n\t\t\t\t\t\t<\/div>\n\t\t\t\t<\/div>\n\t\t\t\t\t<\/div>\n\t\t\t\t<\/div>\n\t\t\t\t<\/div>\n\t\t","protected":false},"excerpt":{"rendered":"<p>EDUCA\u00c7\u00c3O INFANTIL O IN\u00cdCIO DA CAMINHADA&#8230; A Educa\u00e7\u00e3o Infantil constitui um processo distinto de trabalho e a proposta pedag\u00f3gica \u00e9 estabelecida segundo os eixos de Identidade e Autonomia, Linguagem Oral e Escrita, Matem\u00e1tica, Natureza e Sociedade, Movimento, Artes Visuais e M\u00fasica. Esses eixos s\u00e3o explorados em atividades individuais e coletivas estruturadas pelo professor regente, em [&hellip;]<\/p>\n","protected":false},"author":1,"featured_media":0,"parent":0,"menu_order":0,"comment_status":"closed","ping_status":"closed","template":"elementor_header_footer","meta":{"footnotes":""},"class_list":["post-2128","page","type-page","status-publish","hentry"],"_links":{"self":[{"href":"https:\/\/colegiojesusmariajose.org.br\/goiania\/wp-json\/wp\/v2\/pages\/2128","targetHints":{"allow":["GET"]}}],"collection":[{"href":"https:\/\/colegiojesusmariajose.org.br\/goiania\/wp-json\/wp\/v2\/pages"}],"about":[{"href":"https:\/\/colegiojesusmariajose.org.br\/goiania\/wp-json\/wp\/v2\/types\/page"}],"author":[{"embeddable":true,"href":"https:\/\/colegiojesusmariajose.org.br\/goiania\/wp-json\/wp\/v2\/users\/1"}],"replies":[{"embeddable":true,"href":"https:\/\/colegiojesusmariajose.org.br\/goiania\/wp-json\/wp\/v2\/comments?post=2128"}],"version-history":[{"count":35,"href":"https:\/\/colegiojesusmariajose.org.br\/goiania\/wp-json\/wp\/v2\/pages\/2128\/revisions"}],"predecessor-version":[{"id":3768,"href":"https:\/\/colegiojesusmariajose.org.br\/goiania\/wp-json\/wp\/v2\/pages\/2128\/revisions\/3768"}],"wp:attachment":[{"href":"https:\/\/colegiojesusmariajose.org.br\/goiania\/wp-json\/wp\/v2\/media?parent=2128"}],"curies":[{"name":"wp","href":"https:\/\/api.w.org\/{rel}","templated":true}]}}