{"id":2113,"date":"2023-08-22T11:23:32","date_gmt":"2023-08-22T14:23:32","guid":{"rendered":"https:\/\/colegiojesusmariajose.org.br\/goiania\/?page_id=2113"},"modified":"2023-12-18T11:37:01","modified_gmt":"2023-12-18T14:37:01","slug":"bercario","status":"publish","type":"page","link":"https:\/\/colegiojesusmariajose.org.br\/goiania\/bercario\/","title":{"rendered":"BER\u00c7\u00c1RIO"},"content":{"rendered":"\t\t<div data-elementor-type=\"wp-page\" data-elementor-id=\"2113\" class=\"elementor elementor-2113\" data-elementor-post-type=\"page\">\n\t\t\t\t<div class=\"elementor-element elementor-element-9b70b00 e-flex e-con-boxed e-con e-parent\" data-id=\"9b70b00\" data-element_type=\"container\" data-settings=\"{&quot;background_background&quot;:&quot;classic&quot;}\">\n\t\t\t\t\t<div class=\"e-con-inner\">\n\t\t<div class=\"elementor-element elementor-element-7f320e8 e-con-full e-flex e-con e-child\" data-id=\"7f320e8\" data-element_type=\"container\">\n\t\t\t\t<div class=\"elementor-element elementor-element-faf08f4 elementor-widget elementor-widget-heading\" data-id=\"faf08f4\" data-element_type=\"widget\" data-widget_type=\"heading.default\">\n\t\t\t\t<div class=\"elementor-widget-container\">\n\t\t\t\t\t<h2 class=\"elementor-heading-title elementor-size-default\">EDUCA\u00c7\u00c3O INFANTIL<\/h2>\t\t\t\t<\/div>\n\t\t\t\t<\/div>\n\t\t\t\t<\/div>\n\t\t\t\t\t<\/div>\n\t\t\t\t<\/div>\n\t\t<div class=\"elementor-element elementor-element-3f37501a e-flex e-con-boxed e-con e-parent\" data-id=\"3f37501a\" data-element_type=\"container\">\n\t\t\t\t\t<div class=\"e-con-inner\">\n\t\t\t\t<div class=\"elementor-element elementor-element-62c31ac8 elementor-widget elementor-widget-spacer\" data-id=\"62c31ac8\" data-element_type=\"widget\" data-widget_type=\"spacer.default\">\n\t\t\t\t<div class=\"elementor-widget-container\">\n\t\t\t\t\t\t\t<div class=\"elementor-spacer\">\n\t\t\t<div class=\"elementor-spacer-inner\"><\/div>\n\t\t<\/div>\n\t\t\t\t\t\t<\/div>\n\t\t\t\t<\/div>\n\t\t\t\t\t<\/div>\n\t\t\t\t<\/div>\n\t\t<div class=\"elementor-element elementor-element-5d033c9b animated-slow e-flex e-con-boxed elementor-invisible e-con e-parent\" data-id=\"5d033c9b\" data-element_type=\"container\" data-settings=\"{&quot;animation&quot;:&quot;fadeInUp&quot;}\">\n\t\t\t\t\t<div class=\"e-con-inner\">\n\t\t<div class=\"elementor-element elementor-element-1156427a e-con-full e-flex e-con e-child\" data-id=\"1156427a\" data-element_type=\"container\">\n\t\t\t\t<div class=\"elementor-element elementor-element-146dd106 elementor-widget elementor-widget-image\" data-id=\"146dd106\" data-element_type=\"widget\" data-widget_type=\"image.default\">\n\t\t\t\t<div class=\"elementor-widget-container\">\n\t\t\t\t\t\t\t\t\t\t\t\t\t\t\t<img decoding=\"async\" src=\"https:\/\/colegiojesusmariajose.org.br\/goiania\/wp-content\/uploads\/2023\/08\/WhatsApp-Image-2023-01-12-at-14.13.13-1024x682-1.jpeg\" title=\"\" alt=\"\" loading=\"lazy\" \/>\t\t\t\t\t\t\t\t\t\t\t\t\t\t\t<\/div>\n\t\t\t\t<\/div>\n\t\t\t\t<div class=\"elementor-element elementor-element-62c7b28 elementor-widget elementor-widget-image\" data-id=\"62c7b28\" data-element_type=\"widget\" data-widget_type=\"image.default\">\n\t\t\t\t<div class=\"elementor-widget-container\">\n\t\t\t\t\t\t\t\t\t\t\t\t\t\t\t<img decoding=\"async\" src=\"https:\/\/colegiojesusmariajose.org.br\/goiania\/wp-content\/uploads\/2023\/08\/WhatsApp-Image-2023-01-12-at-14.11.45-1024x682-1.jpeg\" title=\"\" alt=\"\" loading=\"lazy\" \/>\t\t\t\t\t\t\t\t\t\t\t\t\t\t\t<\/div>\n\t\t\t\t<\/div>\n\t\t\t\t<\/div>\n\t\t<div class=\"elementor-element elementor-element-16226411 e-con-full e-flex e-con e-child\" data-id=\"16226411\" data-element_type=\"container\">\n\t\t\t\t<div class=\"elementor-element elementor-element-61627871 elementor-widget elementor-widget-heading\" data-id=\"61627871\" data-element_type=\"widget\" data-widget_type=\"heading.default\">\n\t\t\t\t<div class=\"elementor-widget-container\">\n\t\t\t\t\t<h2 class=\"elementor-heading-title elementor-size-default\">EDUCA\u00c7\u00c3O INFANTIL<\/h2>\t\t\t\t<\/div>\n\t\t\t\t<\/div>\n\t\t\t\t<div class=\"elementor-element elementor-element-7553e73 elementor-widget elementor-widget-image\" data-id=\"7553e73\" data-element_type=\"widget\" data-widget_type=\"image.default\">\n\t\t\t\t<div class=\"elementor-widget-container\">\n\t\t\t\t\t\t\t\t\t\t\t\t\t\t\t<img fetchpriority=\"high\" decoding=\"async\" width=\"800\" height=\"533\" src=\"https:\/\/colegiojesusmariajose.org.br\/goiania\/wp-content\/uploads\/2023\/08\/WhatsApp-Image-2023-01-12-at-14.12.47-1024x682-1.jpeg\" class=\"attachment-large size-large wp-image-2117\" alt=\"\" srcset=\"https:\/\/colegiojesusmariajose.org.br\/goiania\/wp-content\/uploads\/2023\/08\/WhatsApp-Image-2023-01-12-at-14.12.47-1024x682-1.jpeg 1024w, https:\/\/colegiojesusmariajose.org.br\/goiania\/wp-content\/uploads\/2023\/08\/WhatsApp-Image-2023-01-12-at-14.12.47-1024x682-1-300x200.jpeg 300w, https:\/\/colegiojesusmariajose.org.br\/goiania\/wp-content\/uploads\/2023\/08\/WhatsApp-Image-2023-01-12-at-14.12.47-1024x682-1-768x512.jpeg 768w\" sizes=\"(max-width: 800px) 100vw, 800px\" \/>\t\t\t\t\t\t\t\t\t\t\t\t\t\t\t<\/div>\n\t\t\t\t<\/div>\n\t\t\t\t<div class=\"elementor-element elementor-element-e7c5bdd elementor-widget elementor-widget-text-editor\" data-id=\"e7c5bdd\" data-element_type=\"widget\" data-widget_type=\"text-editor.default\">\n\t\t\t\t<div class=\"elementor-widget-container\">\n\t\t\t\t\t\t\t\t\t<p>Na Educa\u00e7\u00e3o Infantil, por meio de um processo l\u00fadico e significativo, a proposta pedag\u00f3gica envolve atividades individuais e coletivas que trabalham os eixos: Identidade e Autonomia, Linguagem Oral e Escrita, Matem\u00e1tica, Natureza e Sociedade, Movimento, Artes Visuais e M\u00fasica.<\/p><p>Nessa etapa escolar, a alfabetiza\u00e7\u00e3o \u00e9 entendida como um processo de aquisi\u00e7\u00e3o da l\u00edngua escrita, o que envolve o letramento e prev\u00ea um trabalho simult\u00e2neo com os eixos citados. Al\u00e9m disso, no Col\u00e9gio Jesus Maria Jos\u00e9, desenvolvemos tamb\u00e9m um trabalho com Ensino Religioso, concebido como uma \u00e1rea de conhecimento.<\/p>\t\t\t\t\t\t\t\t<\/div>\n\t\t\t\t<\/div>\n\t\t\t\t<\/div>\n\t\t\t\t\t<\/div>\n\t\t\t\t<\/div>\n\t\t<div class=\"elementor-element elementor-element-39188a7d e-flex e-con-boxed e-con e-parent\" data-id=\"39188a7d\" data-element_type=\"container\">\n\t\t\t\t\t<div class=\"e-con-inner\">\n\t\t\t\t<div class=\"elementor-element elementor-element-7585d6e6 elementor-widget elementor-widget-spacer\" data-id=\"7585d6e6\" data-element_type=\"widget\" data-widget_type=\"spacer.default\">\n\t\t\t\t<div class=\"elementor-widget-container\">\n\t\t\t\t\t\t\t<div class=\"elementor-spacer\">\n\t\t\t<div class=\"elementor-spacer-inner\"><\/div>\n\t\t<\/div>\n\t\t\t\t\t\t<\/div>\n\t\t\t\t<\/div>\n\t\t\t\t\t<\/div>\n\t\t\t\t<\/div>\n\t\t\t\t<\/div>\n\t\t","protected":false},"excerpt":{"rendered":"<p>EDUCA\u00c7\u00c3O INFANTIL EDUCA\u00c7\u00c3O INFANTIL Na Educa\u00e7\u00e3o Infantil, por meio de um processo l\u00fadico e significativo, a proposta pedag\u00f3gica envolve atividades individuais e coletivas que trabalham os eixos: Identidade e Autonomia, Linguagem Oral e Escrita, Matem\u00e1tica, Natureza e Sociedade, Movimento, Artes Visuais e M\u00fasica. Nessa etapa escolar, a alfabetiza\u00e7\u00e3o \u00e9 entendida como um processo de aquisi\u00e7\u00e3o [&hellip;]<\/p>\n","protected":false},"author":1,"featured_media":0,"parent":0,"menu_order":0,"comment_status":"closed","ping_status":"closed","template":"elementor_header_footer","meta":{"footnotes":""},"class_list":["post-2113","page","type-page","status-publish","hentry"],"_links":{"self":[{"href":"https:\/\/colegiojesusmariajose.org.br\/goiania\/wp-json\/wp\/v2\/pages\/2113","targetHints":{"allow":["GET"]}}],"collection":[{"href":"https:\/\/colegiojesusmariajose.org.br\/goiania\/wp-json\/wp\/v2\/pages"}],"about":[{"href":"https:\/\/colegiojesusmariajose.org.br\/goiania\/wp-json\/wp\/v2\/types\/page"}],"author":[{"embeddable":true,"href":"https:\/\/colegiojesusmariajose.org.br\/goiania\/wp-json\/wp\/v2\/users\/1"}],"replies":[{"embeddable":true,"href":"https:\/\/colegiojesusmariajose.org.br\/goiania\/wp-json\/wp\/v2\/comments?post=2113"}],"version-history":[{"count":9,"href":"https:\/\/colegiojesusmariajose.org.br\/goiania\/wp-json\/wp\/v2\/pages\/2113\/revisions"}],"predecessor-version":[{"id":3187,"href":"https:\/\/colegiojesusmariajose.org.br\/goiania\/wp-json\/wp\/v2\/pages\/2113\/revisions\/3187"}],"wp:attachment":[{"href":"https:\/\/colegiojesusmariajose.org.br\/goiania\/wp-json\/wp\/v2\/media?parent=2113"}],"curies":[{"name":"wp","href":"https:\/\/api.w.org\/{rel}","templated":true}]}}