{"id":1064,"date":"2023-08-01T14:43:17","date_gmt":"2023-08-01T17:43:17","guid":{"rendered":"https:\/\/colegiojesusmariajose.org.br\/goiania\/?page_id=1064"},"modified":"2023-11-14T10:06:21","modified_gmt":"2023-11-14T13:06:21","slug":"instituto-jmj","status":"publish","type":"page","link":"https:\/\/colegiojesusmariajose.org.br\/goiania\/instituto-jmj\/","title":{"rendered":"INSTITUTO JMJ"},"content":{"rendered":"\t\t<div data-elementor-type=\"wp-page\" data-elementor-id=\"1064\" class=\"elementor elementor-1064\" data-elementor-post-type=\"page\">\n\t\t\t\t<div class=\"elementor-element elementor-element-5b019bbe animated-slow e-flex e-con-boxed elementor-invisible e-con e-parent\" data-id=\"5b019bbe\" data-element_type=\"container\" data-settings=\"{&quot;background_background&quot;:&quot;classic&quot;,&quot;animation&quot;:&quot;fadeIn&quot;}\">\n\t\t\t\t\t<div class=\"e-con-inner\">\n\t\t\t\t<div class=\"elementor-element elementor-element-53fc7632 elementor-widget elementor-widget-spacer\" data-id=\"53fc7632\" data-element_type=\"widget\" data-widget_type=\"spacer.default\">\n\t\t\t\t<div class=\"elementor-widget-container\">\n\t\t\t\t\t\t\t<div class=\"elementor-spacer\">\n\t\t\t<div class=\"elementor-spacer-inner\"><\/div>\n\t\t<\/div>\n\t\t\t\t\t\t<\/div>\n\t\t\t\t<\/div>\n\t\t\t\t<div class=\"elementor-element elementor-element-732f44f1 elementor-widget elementor-widget-heading\" data-id=\"732f44f1\" data-element_type=\"widget\" data-widget_type=\"heading.default\">\n\t\t\t\t<div class=\"elementor-widget-container\">\n\t\t\t\t\t<h2 class=\"elementor-heading-title elementor-size-default\">INSTITUTO JESUS MARIA JOS\u00c9<\/h2>\t\t\t\t<\/div>\n\t\t\t\t<\/div>\n\t\t\t\t<div class=\"elementor-element elementor-element-39e6161d elementor-widget elementor-widget-spacer\" data-id=\"39e6161d\" data-element_type=\"widget\" data-widget_type=\"spacer.default\">\n\t\t\t\t<div class=\"elementor-widget-container\">\n\t\t\t\t\t\t\t<div class=\"elementor-spacer\">\n\t\t\t<div class=\"elementor-spacer-inner\"><\/div>\n\t\t<\/div>\n\t\t\t\t\t\t<\/div>\n\t\t\t\t<\/div>\n\t\t\t\t\t<\/div>\n\t\t\t\t<\/div>\n\t\t<div class=\"elementor-element elementor-element-0c8a2b1 e-flex e-con-boxed e-con e-parent\" data-id=\"0c8a2b1\" data-element_type=\"container\">\n\t\t\t\t\t<div class=\"e-con-inner\">\n\t\t\t\t<div class=\"elementor-element elementor-element-f5c012e elementor-widget elementor-widget-spacer\" data-id=\"f5c012e\" data-element_type=\"widget\" data-widget_type=\"spacer.default\">\n\t\t\t\t<div class=\"elementor-widget-container\">\n\t\t\t\t\t\t\t<div class=\"elementor-spacer\">\n\t\t\t<div class=\"elementor-spacer-inner\"><\/div>\n\t\t<\/div>\n\t\t\t\t\t\t<\/div>\n\t\t\t\t<\/div>\n\t\t\t\t\t<\/div>\n\t\t\t\t<\/div>\n\t\t<div class=\"elementor-element elementor-element-499d7bb2 animated-slow e-flex e-con-boxed elementor-invisible e-con e-parent\" data-id=\"499d7bb2\" data-element_type=\"container\" data-settings=\"{&quot;animation&quot;:&quot;fadeInUp&quot;}\">\n\t\t\t\t\t<div class=\"e-con-inner\">\n\t\t<div class=\"elementor-element elementor-element-568cee70 e-con-full e-flex e-con e-child\" data-id=\"568cee70\" data-element_type=\"container\">\n\t\t\t\t<div class=\"elementor-element elementor-element-7210c5e0 elementor-widget elementor-widget-image\" data-id=\"7210c5e0\" data-element_type=\"widget\" data-widget_type=\"image.default\">\n\t\t\t\t<div class=\"elementor-widget-container\">\n\t\t\t\t\t\t\t\t\t\t\t\t\t\t\t<img fetchpriority=\"high\" decoding=\"async\" width=\"407\" height=\"342\" src=\"https:\/\/colegiojesusmariajose.org.br\/goiania\/wp-content\/uploads\/2023\/08\/13.png\" class=\"attachment-full size-full wp-image-1779\" alt=\"\" srcset=\"https:\/\/colegiojesusmariajose.org.br\/goiania\/wp-content\/uploads\/2023\/08\/13.png 407w, https:\/\/colegiojesusmariajose.org.br\/goiania\/wp-content\/uploads\/2023\/08\/13-300x252.png 300w\" sizes=\"(max-width: 407px) 100vw, 407px\" \/>\t\t\t\t\t\t\t\t\t\t\t\t\t\t\t<\/div>\n\t\t\t\t<\/div>\n\t\t\t\t<\/div>\n\t\t<div class=\"elementor-element elementor-element-54afedb6 e-con-full e-flex e-con e-child\" data-id=\"54afedb6\" data-element_type=\"container\">\n\t\t\t\t<div class=\"elementor-element elementor-element-727bee91 elementor-widget elementor-widget-heading\" data-id=\"727bee91\" data-element_type=\"widget\" data-widget_type=\"heading.default\">\n\t\t\t\t<div class=\"elementor-widget-container\">\n\t\t\t\t\t<h2 class=\"elementor-heading-title elementor-size-default\">BEATA RITA AMADA DE JESUS<\/h2>\t\t\t\t<\/div>\n\t\t\t\t<\/div>\n\t\t\t\t<div class=\"elementor-element elementor-element-7b801cb elementor-widget elementor-widget-heading\" data-id=\"7b801cb\" data-element_type=\"widget\" data-widget_type=\"heading.default\">\n\t\t\t\t<div class=\"elementor-widget-container\">\n\t\t\t\t\t<h4 class=\"elementor-heading-title elementor-size-default\">Fundadora<\/h4>\t\t\t\t<\/div>\n\t\t\t\t<\/div>\n\t\t\t\t<div class=\"elementor-element elementor-element-4fbac4c elementor-widget elementor-widget-text-editor\" data-id=\"4fbac4c\" data-element_type=\"widget\" data-widget_type=\"text-editor.default\">\n\t\t\t\t<div class=\"elementor-widget-container\">\n\t\t\t\t\t\t\t\t\tNatural de Portugal, Rita Lopes de Almeida nasceu no dia 5 de mar\u00e7o de 1848, em Ribafeita,Diocese de Viseu. Filha de uma fam\u00edlia crist\u00e3, ela cresceu em um ambiente que a possibilitou uma profunda viv\u00eancia batismal.<br><br>\nLeiga comprometida com a evangeliza\u00e7\u00e3o, ela pedia a Deus a gra\u00e7a da pr\u00f3pria convers\u00e3o e fazia tudo o que estava ao seu alcance para a convers\u00e3o de outros<span id=\"tresPontos\">&#8230;<\/span><span id=\"mostrarMais\">.\n<br><br>Com isso, ao longo dos anos, ela sente o apelo para viver uma vida especial em consagra\u00e7\u00e3o, junto com um servi\u00e7o educacional mais estruturado para a preven\u00e7\u00e3o do mal e o apoio \u00e0s meninas pobres de sua \u00e9poca.<br><br>\nAssim, ap\u00f3s muitos anos atuando como leiga engajada e tendo vivenciado uma breve experi\u00eancia de vida religiosa, Rita, reunida com algumas leigas, assume o estilo pr\u00f3prio da vida religiosa consagrada e, aos 32 anos, seguindo o lema da Sagrada Fam\u00edlia de Nazar\u00e9, funda o Instituto Jesus Maria Jos\u00e9 e um col\u00e9gio.<br><br>\nEm pouco tempo, a atua\u00e7\u00e3o do Instituto ampliou-se a outras Dioceses de Portugal.\nAs dificuldades que Rita enfrentou foram muitas, mas sua confian\u00e7a inabal\u00e1vel em Deus s\u00f3 crescia e, com isso, ela superou os desafios com f\u00e9.<br><br> Em Casalmendinho, pequeno povoado de Ribafeita, confortada pelos \u00faltimos Sacramentos e em odor de santidade, ela morreu em 6 de janeiro de 1913, aos 65 anos. <br><br>Declarada pelo Papa Jo\u00e3o Paulo II Ap\u00f3stola do Ros\u00e1rio, da Fam\u00edlia e da Eucaristia, ela foi beatificada no dia 28 de maio de 2006.\nHoje, Rita Lopes de Almeida \u00e9 conhecida como Rita Amada de Jesus.<br><br>\nAtualmente, o Instituto Jesus Maria Jos\u00e9 promove a Causa de Canoniza\u00e7\u00e3o pedindo a Deus a grande ben\u00e7\u00e3o de ver reconhecida pela Igreja nossa Santa Fundadora, Rita Lopes de Almeida, Madre Rita.<\/span>\n\n<br><br>\n<button onclick=\"leiaMais()\" id=\"btnLeiaMais\">Leia Mais<\/button>\n\n<script>\nfunction leiaMais() {\n    var tresPontos=document.getElementById('tresPontos');\n    var mostrarMais=document.getElementById('mostrarMais');\n    var btnLeiaMais=document.getElementById('btnLeiaMais');\n\n    if (tresPontos.style.display === 'none') {\n        tresPontos.style.display = 'inline';\n        mostrarMais.style.display = 'none';\n        btnLeiaMais.innerHTML = 'Leia Mais';\n    } else {\n        tresPontos.style.display = 'none';\n        mostrarMais.style.display = 'inline';\n        btnLeiaMais.innerHTML = 'Leia Menos';\n    }\n}\n<\/script>\t\t\t\t\t\t\t\t<\/div>\n\t\t\t\t<\/div>\n\t\t\t\t<\/div>\n\t\t\t\t\t<\/div>\n\t\t\t\t<\/div>\n\t\t<div class=\"elementor-element elementor-element-3b6c4491 e-flex e-con-boxed e-con e-parent\" data-id=\"3b6c4491\" data-element_type=\"container\">\n\t\t\t\t\t<div class=\"e-con-inner\">\n\t\t\t\t<div class=\"elementor-element elementor-element-68a2ac38 elementor-widget elementor-widget-spacer\" data-id=\"68a2ac38\" data-element_type=\"widget\" data-widget_type=\"spacer.default\">\n\t\t\t\t<div class=\"elementor-widget-container\">\n\t\t\t\t\t\t\t<div class=\"elementor-spacer\">\n\t\t\t<div class=\"elementor-spacer-inner\"><\/div>\n\t\t<\/div>\n\t\t\t\t\t\t<\/div>\n\t\t\t\t<\/div>\n\t\t\t\t\t<\/div>\n\t\t\t\t<\/div>\n\t\t<div class=\"elementor-element elementor-element-264de09 e-flex e-con-boxed e-con e-parent\" data-id=\"264de09\" data-element_type=\"container\">\n\t\t\t\t\t<div class=\"e-con-inner\">\n\t\t\t\t<div class=\"elementor-element elementor-element-24dc5b5 animated-slow elementor-invisible elementor-widget elementor-widget-heading\" data-id=\"24dc5b5\" data-element_type=\"widget\" data-settings=\"{&quot;_animation&quot;:&quot;fadeInUp&quot;}\" data-widget_type=\"heading.default\">\n\t\t\t\t<div class=\"elementor-widget-container\">\n\t\t\t\t\t<h2 class=\"elementor-heading-title elementor-size-default\">Nossa hist\u00f3ria<\/h2>\t\t\t\t<\/div>\n\t\t\t\t<\/div>\n\t\t\t\t<div class=\"elementor-element elementor-element-9837881 elementor-widget elementor-widget-spacer\" data-id=\"9837881\" data-element_type=\"widget\" data-widget_type=\"spacer.default\">\n\t\t\t\t<div class=\"elementor-widget-container\">\n\t\t\t\t\t\t\t<div class=\"elementor-spacer\">\n\t\t\t<div class=\"elementor-spacer-inner\"><\/div>\n\t\t<\/div>\n\t\t\t\t\t\t<\/div>\n\t\t\t\t<\/div>\n\t\t\t\t\t<\/div>\n\t\t\t\t<\/div>\n\t\t<div class=\"elementor-element elementor-element-89a4e54 e-flex e-con-boxed e-con e-parent\" data-id=\"89a4e54\" data-element_type=\"container\">\n\t\t\t\t\t<div class=\"e-con-inner\">\n\t\t\t\t\t<\/div>\n\t\t\t\t<\/div>\n\t\t<div class=\"elementor-element elementor-element-f903e11 e-flex e-con-boxed e-con e-parent\" data-id=\"f903e11\" data-element_type=\"container\">\n\t\t\t\t\t<div class=\"e-con-inner\">\n\t\t\t\t<div class=\"elementor-element elementor-element-d5bc01e elementor-widget elementor-widget-spacer\" data-id=\"d5bc01e\" data-element_type=\"widget\" data-widget_type=\"spacer.default\">\n\t\t\t\t<div class=\"elementor-widget-container\">\n\t\t\t\t\t\t\t<div class=\"elementor-spacer\">\n\t\t\t<div class=\"elementor-spacer-inner\"><\/div>\n\t\t<\/div>\n\t\t\t\t\t\t<\/div>\n\t\t\t\t<\/div>\n\t\t\t\t\t<\/div>\n\t\t\t\t<\/div>\n\t\t\t\t<\/div>\n\t\t","protected":false},"excerpt":{"rendered":"<p>INSTITUTO JESUS MARIA JOS\u00c9 BEATA RITA AMADA DE JESUS Fundadora Natural de Portugal, Rita Lopes de Almeida nasceu no dia 5 de mar\u00e7o de 1848, em Ribafeita,Diocese de Viseu. Filha de uma fam\u00edlia crist\u00e3, ela cresceu em um ambiente que a possibilitou uma profunda viv\u00eancia batismal. Leiga comprometida com a evangeliza\u00e7\u00e3o, ela pedia a Deus [&hellip;]<\/p>\n","protected":false},"author":1,"featured_media":0,"parent":0,"menu_order":0,"comment_status":"closed","ping_status":"closed","template":"elementor_header_footer","meta":{"footnotes":""},"class_list":["post-1064","page","type-page","status-publish","hentry"],"_links":{"self":[{"href":"https:\/\/colegiojesusmariajose.org.br\/goiania\/wp-json\/wp\/v2\/pages\/1064","targetHints":{"allow":["GET"]}}],"collection":[{"href":"https:\/\/colegiojesusmariajose.org.br\/goiania\/wp-json\/wp\/v2\/pages"}],"about":[{"href":"https:\/\/colegiojesusmariajose.org.br\/goiania\/wp-json\/wp\/v2\/types\/page"}],"author":[{"embeddable":true,"href":"https:\/\/colegiojesusmariajose.org.br\/goiania\/wp-json\/wp\/v2\/users\/1"}],"replies":[{"embeddable":true,"href":"https:\/\/colegiojesusmariajose.org.br\/goiania\/wp-json\/wp\/v2\/comments?post=1064"}],"version-history":[{"count":7,"href":"https:\/\/colegiojesusmariajose.org.br\/goiania\/wp-json\/wp\/v2\/pages\/1064\/revisions"}],"predecessor-version":[{"id":2946,"href":"https:\/\/colegiojesusmariajose.org.br\/goiania\/wp-json\/wp\/v2\/pages\/1064\/revisions\/2946"}],"wp:attachment":[{"href":"https:\/\/colegiojesusmariajose.org.br\/goiania\/wp-json\/wp\/v2\/media?parent=1064"}],"curies":[{"name":"wp","href":"https:\/\/api.w.org\/{rel}","templated":true}]}}