{"id":2137,"date":"2023-08-22T11:45:19","date_gmt":"2023-08-22T14:45:19","guid":{"rendered":"https:\/\/colegiojesusmariajose.org.br\/aguaboa\/?page_id=2137"},"modified":"2024-05-27T14:46:42","modified_gmt":"2024-05-27T17:46:42","slug":"anos-iniciais","status":"publish","type":"page","link":"https:\/\/colegiojesusmariajose.org.br\/aguaboa\/anos-iniciais\/","title":{"rendered":"ANOS INICIAIS"},"content":{"rendered":"\t\t<div data-elementor-type=\"wp-page\" data-elementor-id=\"2137\" class=\"elementor elementor-2137\">\n\t\t\t\t\t\t\t<div class=\"elementor-element elementor-element-2c6a30f3 e-flex e-con-boxed e-con e-parent\" data-id=\"2c6a30f3\" data-element_type=\"container\" data-settings=\"{&quot;background_background&quot;:&quot;classic&quot;,&quot;content_width&quot;:&quot;boxed&quot;}\" data-core-v316-plus=\"true\">\n\t\t\t\t\t<div class=\"e-con-inner\">\n\t\t<div class=\"elementor-element elementor-element-706ee48f e-flex e-con-boxed e-con e-child\" data-id=\"706ee48f\" data-element_type=\"container\" data-settings=\"{&quot;content_width&quot;:&quot;boxed&quot;}\">\n\t\t\t\t\t<div class=\"e-con-inner\">\n\t\t\t\t<div class=\"elementor-element elementor-element-526e09e6 elementor-widget elementor-widget-heading\" data-id=\"526e09e6\" data-element_type=\"widget\" data-widget_type=\"heading.default\">\n\t\t\t\t<div class=\"elementor-widget-container\">\n\t\t\t<style>\/*! elementor - v3.18.0 - 08-12-2023 *\/\n.elementor-heading-title{padding:0;margin:0;line-height:1}.elementor-widget-heading .elementor-heading-title[class*=elementor-size-]>a{color:inherit;font-size:inherit;line-height:inherit}.elementor-widget-heading .elementor-heading-title.elementor-size-small{font-size:15px}.elementor-widget-heading .elementor-heading-title.elementor-size-medium{font-size:19px}.elementor-widget-heading .elementor-heading-title.elementor-size-large{font-size:29px}.elementor-widget-heading .elementor-heading-title.elementor-size-xl{font-size:39px}.elementor-widget-heading .elementor-heading-title.elementor-size-xxl{font-size:59px}<\/style><h2 class=\"elementor-heading-title elementor-size-default\">ENSINO FUNDAMENTAL<\/h2>\t\t<\/div>\n\t\t\t\t<\/div>\n\t\t\t\t\t<\/div>\n\t\t\t\t<\/div>\n\t\t\t\t\t<\/div>\n\t\t\t\t<\/div>\n\t\t<div class=\"elementor-element elementor-element-78c88d16 e-flex e-con-boxed e-con e-parent\" data-id=\"78c88d16\" data-element_type=\"container\" data-settings=\"{&quot;content_width&quot;:&quot;boxed&quot;}\" data-core-v316-plus=\"true\">\n\t\t\t\t\t<div class=\"e-con-inner\">\n\t\t\t\t<div class=\"elementor-element elementor-element-31ec8c84 elementor-widget elementor-widget-spacer\" data-id=\"31ec8c84\" data-element_type=\"widget\" data-widget_type=\"spacer.default\">\n\t\t\t\t<div class=\"elementor-widget-container\">\n\t\t\t<style>\/*! elementor - v3.18.0 - 08-12-2023 *\/\n.elementor-column .elementor-spacer-inner{height:var(--spacer-size)}.e-con{--container-widget-width:100%}.e-con-inner>.elementor-widget-spacer,.e-con>.elementor-widget-spacer{width:var(--container-widget-width,var(--spacer-size));--align-self:var(--container-widget-align-self,initial);--flex-shrink:0}.e-con-inner>.elementor-widget-spacer>.elementor-widget-container,.e-con>.elementor-widget-spacer>.elementor-widget-container{height:100%;width:100%}.e-con-inner>.elementor-widget-spacer>.elementor-widget-container>.elementor-spacer,.e-con>.elementor-widget-spacer>.elementor-widget-container>.elementor-spacer{height:100%}.e-con-inner>.elementor-widget-spacer>.elementor-widget-container>.elementor-spacer>.elementor-spacer-inner,.e-con>.elementor-widget-spacer>.elementor-widget-container>.elementor-spacer>.elementor-spacer-inner{height:var(--container-widget-height,var(--spacer-size))}.e-con-inner>.elementor-widget-spacer.elementor-widget-empty,.e-con>.elementor-widget-spacer.elementor-widget-empty{position:relative;min-height:22px;min-width:22px}.e-con-inner>.elementor-widget-spacer.elementor-widget-empty .elementor-widget-empty-icon,.e-con>.elementor-widget-spacer.elementor-widget-empty .elementor-widget-empty-icon{position:absolute;top:0;bottom:0;left:0;right:0;margin:auto;padding:0;width:22px;height:22px}<\/style>\t\t<div class=\"elementor-spacer\">\n\t\t\t<div class=\"elementor-spacer-inner\"><\/div>\n\t\t<\/div>\n\t\t\t\t<\/div>\n\t\t\t\t<\/div>\n\t\t\t\t\t<\/div>\n\t\t\t\t<\/div>\n\t\t<div class=\"elementor-element elementor-element-1925654f animated-slow e-flex e-con-boxed elementor-invisible e-con e-parent\" data-id=\"1925654f\" data-element_type=\"container\" data-settings=\"{&quot;animation&quot;:&quot;fadeInUp&quot;,&quot;content_width&quot;:&quot;boxed&quot;}\" data-core-v316-plus=\"true\">\n\t\t\t\t\t<div class=\"e-con-inner\">\n\t\t<div class=\"elementor-element elementor-element-53fee092 e-con-full e-flex e-con e-child\" data-id=\"53fee092\" data-element_type=\"container\" data-settings=\"{&quot;content_width&quot;:&quot;full&quot;}\">\n\t\t\t\t<div class=\"elementor-element elementor-element-7c01781f elementor-widget elementor-widget-image\" data-id=\"7c01781f\" data-element_type=\"widget\" data-widget_type=\"image.default\">\n\t\t\t\t<div class=\"elementor-widget-container\">\n\t\t\t<style>\/*! elementor - v3.18.0 - 08-12-2023 *\/\n.elementor-widget-image{text-align:center}.elementor-widget-image a{display:inline-block}.elementor-widget-image a img[src$=\".svg\"]{width:48px}.elementor-widget-image img{vertical-align:middle;display:inline-block}<\/style>\t\t\t\t\t\t\t\t\t\t\t\t<img decoding=\"async\" src=\"https:\/\/colegiojesusmariajose.org.br\/aguaboa\/wp-content\/uploads\/elementor\/thumbs\/Anos-Iniciais-1-qosdt8u7sszfzclwusl0219tmg5hv0tpj57pv5v2rc.jpg\" title=\"Anos Iniciais (1)\" alt=\"Anos Iniciais (1)\" loading=\"lazy\" \/>\t\t\t\t\t\t\t\t\t\t\t\t\t\t\t<\/div>\n\t\t\t\t<\/div>\n\t\t\t\t<\/div>\n\t\t<div class=\"elementor-element elementor-element-4ac84b91 e-con-full e-flex e-con e-child\" data-id=\"4ac84b91\" data-element_type=\"container\" data-settings=\"{&quot;content_width&quot;:&quot;full&quot;}\">\n\t\t\t\t<div class=\"elementor-element elementor-element-785c3d88 elementor-widget elementor-widget-heading\" data-id=\"785c3d88\" data-element_type=\"widget\" data-widget_type=\"heading.default\">\n\t\t\t\t<div class=\"elementor-widget-container\">\n\t\t\t<h2 class=\"elementor-heading-title elementor-size-default\">ANOS INICIAIS<\/h2>\t\t<\/div>\n\t\t\t\t<\/div>\n\t\t\t\t<div class=\"elementor-element elementor-element-2d05af11 elementor-widget elementor-widget-text-editor\" data-id=\"2d05af11\" data-element_type=\"widget\" data-widget_type=\"text-editor.default\">\n\t\t\t\t<div class=\"elementor-widget-container\">\n\t\t\t<style>\/*! elementor - v3.18.0 - 08-12-2023 *\/\n.elementor-widget-text-editor.elementor-drop-cap-view-stacked .elementor-drop-cap{background-color:#69727d;color:#fff}.elementor-widget-text-editor.elementor-drop-cap-view-framed .elementor-drop-cap{color:#69727d;border:3px solid;background-color:transparent}.elementor-widget-text-editor:not(.elementor-drop-cap-view-default) .elementor-drop-cap{margin-top:8px}.elementor-widget-text-editor:not(.elementor-drop-cap-view-default) .elementor-drop-cap-letter{width:1em;height:1em}.elementor-widget-text-editor .elementor-drop-cap{float:left;text-align:center;line-height:1;font-size:50px}.elementor-widget-text-editor .elementor-drop-cap-letter{display:inline-block}<\/style>\t\t\t\t<p><span style=\"font-weight: 400;\">O Ensino Fundamental Anos Iniciais (1\u00ba ao 5\u00ba ano) \u00e9 uma etapa fundamental para o desenvolvimento intelectual das crian\u00e7as. Nessa fase, os alunos participam de atividades l\u00fadicas, projetos e viv\u00eancias que exercitam as dimens\u00f5es motoras, cognitivas e sociais, al\u00e9m disso, \u00e9 nesse per\u00edodo que o processo de alfabetiza\u00e7\u00e3o \u00e9 iniciado.\u00a0<\/span><\/p><p><span style=\"font-weight: 400;\">A proposta pedag\u00f3gica deste n\u00edvel considera a import\u00e2ncia da contextualiza\u00e7\u00e3o e da rela\u00e7\u00e3o entre teoria e pr\u00e1tica. Desse modo, prioriza a integra\u00e7\u00e3o entre as \u00e1reas, relacionando os diversos saberes que comp\u00f5em o conhecimento escolar. Outro aspecto importante \u00e9 a educa\u00e7\u00e3o para o pluralismo como princ\u00edpio ativo de enriquecimento cultural e c\u00edvico.<\/span><\/p>\t\t\t\t\t\t<\/div>\n\t\t\t\t<\/div>\n\t\t\t\t<\/div>\n\t\t\t\t\t<\/div>\n\t\t\t\t<\/div>\n\t\t<div class=\"elementor-element elementor-element-15d73a0 e-flex e-con-boxed e-con e-parent\" data-id=\"15d73a0\" data-element_type=\"container\" data-settings=\"{&quot;content_width&quot;:&quot;boxed&quot;}\" data-core-v316-plus=\"true\">\n\t\t\t\t\t<div class=\"e-con-inner\">\n\t\t\t\t<div class=\"elementor-element elementor-element-5d85b944 elementor-widget elementor-widget-spacer\" data-id=\"5d85b944\" data-element_type=\"widget\" data-widget_type=\"spacer.default\">\n\t\t\t\t<div class=\"elementor-widget-container\">\n\t\t\t\t\t<div class=\"elementor-spacer\">\n\t\t\t<div class=\"elementor-spacer-inner\"><\/div>\n\t\t<\/div>\n\t\t\t\t<\/div>\n\t\t\t\t<\/div>\n\t\t\t\t\t<\/div>\n\t\t\t\t<\/div>\n\t\t\t\t\t\t\t<\/div>\n\t\t","protected":false},"excerpt":{"rendered":"<p>ENSINO FUNDAMENTAL ANOS INICIAIS O Ensino Fundamental Anos Iniciais (1\u00ba ao 5\u00ba ano) \u00e9 uma etapa fundamental para o desenvolvimento intelectual das crian\u00e7as. Nessa fase, os alunos participam de atividades l\u00fadicas, projetos e viv\u00eancias que exercitam as dimens\u00f5es motoras, cognitivas e sociais, al\u00e9m disso, \u00e9 nesse per\u00edodo que o processo de alfabetiza\u00e7\u00e3o \u00e9 iniciado.\u00a0 A [&hellip;]<\/p>\n","protected":false},"author":1,"featured_media":0,"parent":0,"menu_order":0,"comment_status":"closed","ping_status":"closed","template":"elementor_header_footer","meta":{"footnotes":""},"folder":[],"class_list":["post-2137","page","type-page","status-publish","hentry"],"_links":{"self":[{"href":"https:\/\/colegiojesusmariajose.org.br\/aguaboa\/wp-json\/wp\/v2\/pages\/2137","targetHints":{"allow":["GET"]}}],"collection":[{"href":"https:\/\/colegiojesusmariajose.org.br\/aguaboa\/wp-json\/wp\/v2\/pages"}],"about":[{"href":"https:\/\/colegiojesusmariajose.org.br\/aguaboa\/wp-json\/wp\/v2\/types\/page"}],"author":[{"embeddable":true,"href":"https:\/\/colegiojesusmariajose.org.br\/aguaboa\/wp-json\/wp\/v2\/users\/1"}],"replies":[{"embeddable":true,"href":"https:\/\/colegiojesusmariajose.org.br\/aguaboa\/wp-json\/wp\/v2\/comments?post=2137"}],"version-history":[{"count":50,"href":"https:\/\/colegiojesusmariajose.org.br\/aguaboa\/wp-json\/wp\/v2\/pages\/2137\/revisions"}],"predecessor-version":[{"id":3944,"href":"https:\/\/colegiojesusmariajose.org.br\/aguaboa\/wp-json\/wp\/v2\/pages\/2137\/revisions\/3944"}],"wp:attachment":[{"href":"https:\/\/colegiojesusmariajose.org.br\/aguaboa\/wp-json\/wp\/v2\/media?parent=2137"}],"wp:term":[{"taxonomy":"folder","embeddable":true,"href":"https:\/\/colegiojesusmariajose.org.br\/aguaboa\/wp-json\/wp\/v2\/folder?post=2137"}],"curies":[{"name":"wp","href":"https:\/\/api.w.org\/{rel}","templated":true}]}}